{"id":1183,"date":"2024-03-31T20:51:23","date_gmt":"2024-03-31T18:51:23","guid":{"rendered":"https:\/\/asesoresdenia.com\/?page_id=1183"},"modified":"2024-04-12T11:13:25","modified_gmt":"2024-04-12T09:13:25","slug":"accueil","status":"publish","type":"page","link":"https:\/\/asesoresdenia.com\/fr\/","title":{"rendered":"Accueil"},"content":{"rendered":"<p>[et_pb_section fb_built=\u00a0\u00bb1&Prime; fullwidth=\u00a0\u00bbon\u00a0\u00bb _builder_version=\u00a0\u00bb4.24.2&Prime; _module_preset=\u00a0\u00bbdefault\u00a0\u00bb global_colors_info=\u00a0\u00bb{}\u00a0\u00bb][et_pb_fullwidth_slider use_bg_overlay=\u00a0\u00bboff\u00a0\u00bb arrows_custom_color=\u00a0\u00bb#191919&Prime; dot_nav_custom_color=\u00a0\u00bb#191919&Prime; _builder_version=\u00a0\u00bb4.24.2&Prime; _module_preset=\u00a0\u00bbdefault\u00a0\u00bb header_text_align=\u00a0\u00bbleft\u00a0\u00bb header_text_color=\u00a0\u00bb#191919&Prime; body_text_align=\u00a0\u00bbleft\u00a0\u00bb body_text_color=\u00a0\u00bb#191919&Prime; custom_button=\u00a0\u00bbon\u00a0\u00bb button_text_size=\u00a0\u00bb18px\u00a0\u00bb button_text_color=\u00a0\u00bb#FFFFFF\u00a0\u00bb button_bg_color=\u00a0\u00bb#752218&Prime; button_border_width=\u00a0\u00bb0px\u00a0\u00bb button_border_radius=\u00a0\u00bb3px\u00a0\u00bb button_alignment=\u00a0\u00bbleft\u00a0\u00bb custom_padding_tablet=\u00a0\u00bb\u00a0\u00bb custom_padding_phone=\u00a0\u00bb230px||230px||false|false\u00a0\u00bb custom_padding_last_edited=\u00a0\u00bbon|phone\u00a0\u00bb header_font_size_tablet=\u00a0\u00bb\u00a0\u00bb header_font_size_phone=\u00a0\u00bb25px\u00a0\u00bb header_font_size_last_edited=\u00a0\u00bbon|phone\u00a0\u00bb button_text_size_tablet=\u00a0\u00bb18px\u00a0\u00bb button_text_size_phone=\u00a0\u00bb14px\u00a0\u00bb button_text_size_last_edited=\u00a0\u00bbon|phone\u00a0\u00bb header_text_shadow_style=\u00a0\u00bbpreset1&Prime; header_text_shadow_color=\u00a0\u00bbRGBA(255,255,255,0)\u00a0\u00bb body_text_shadow_style=\u00a0\u00bbpreset1&Prime; body_text_shadow_color=\u00a0\u00bbRGBA(255,255,255,0)\u00a0\u00bb global_colors_info=\u00a0\u00bb{}\u00a0\u00bb][et_pb_slide heading=\u00a0\u00bbConseil aux entreprises \u00e0 D\u00e9nia\u00a0\u00bb button_text=\u00a0\u00bbContactez nous\u00a0\u00bb button_link=\u00a0\u00bb\/contacto\u00a0\u00bb _builder_version=\u00a0\u00bb4.24.2&Prime; _module_preset=\u00a0\u00bbdefault\u00a0\u00bb use_background_color_gradient=\u00a0\u00bbon\u00a0\u00bb background_color_gradient_direction=\u00a0\u00bb270deg\u00a0\u00bb background_color_gradient_stops=\u00a0\u00bbrgba(25,25,25,0.2) 0%|rgba(255,255,255,0.8) 100%\u00a0\u00bb background_color_gradient_overlays_image=\u00a0\u00bbon\u00a0\u00bb background_image=\u00a0\u00bbhttps:\/\/asesoresdenia.com\/wp-content\/uploads\/2024\/03\/Banner-Asesoria-en-Denia-1.jpg\u00a0\u00bb background_enable_image=\u00a0\u00bbon\u00a0\u00bb global_colors_info=\u00a0\u00bb{}\u00a0\u00bb sticky_transition=\u00a0\u00bbon\u00a0\u00bb]<\/p>\n<p>Nous travaillons pour des PME, des entreprises et des ind\u00e9pendants.<\/p>\n<p>[\/et_pb_slide][et_pb_slide heading=\u00a0\u00bbConseil aux entreprises \u00e0 D\u00e9nia\u00a0\u00bb button_text=\u00a0\u00bbContactez nous\u00a0\u00bb button_link=\u00a0\u00bb\/contacto\u00a0\u00bb _builder_version=\u00a0\u00bb4.24.2&Prime; _module_preset=\u00a0\u00bbdefault\u00a0\u00bb use_background_color_gradient=\u00a0\u00bbon\u00a0\u00bb background_color_gradient_direction=\u00a0\u00bb270deg\u00a0\u00bb background_color_gradient_stops=\u00a0\u00bbrgba(25,25,25,0.2) 0%|rgba(255,255,255,0.8) 100%\u00a0\u00bb background_color_gradient_overlays_image=\u00a0\u00bbon\u00a0\u00bb background_image=\u00a0\u00bbhttps:\/\/asesoresdenia.com\/wp-content\/uploads\/2024\/03\/Banner-Asesoria-en-Denia-2.jpg\u00a0\u00bb background_enable_image=\u00a0\u00bbon\u00a0\u00bb global_colors_info=\u00a0\u00bb{}\u00a0\u00bb sticky_transition=\u00a0\u00bbon\u00a0\u00bb]<\/p>\n<p>Nous travaillons pour des PME, des entreprises et des ind\u00e9pendants.<\/p>\n<p>[\/et_pb_slide][et_pb_slide heading=\u00a0\u00bbConseil aux entreprises \u00e0 D\u00e9nia\u00a0\u00bb button_text=\u00a0\u00bbContactez nous\u00a0\u00bb button_link=\u00a0\u00bb\/contacto\u00a0\u00bb _builder_version=\u00a0\u00bb4.24.2&Prime; _module_preset=\u00a0\u00bbdefault\u00a0\u00bb use_background_color_gradient=\u00a0\u00bbon\u00a0\u00bb background_color_gradient_direction=\u00a0\u00bb270deg\u00a0\u00bb background_color_gradient_stops=\u00a0\u00bbrgba(25,25,25,0.2) 0%|rgba(255,255,255,0.8) 100%\u00a0\u00bb background_color_gradient_overlays_image=\u00a0\u00bbon\u00a0\u00bb background_image=\u00a0\u00bbhttps:\/\/asesoresdenia.com\/wp-content\/uploads\/2024\/03\/Banner-Asesoria-en-Denia-3.jpg\u00a0\u00bb background_enable_image=\u00a0\u00bbon\u00a0\u00bb global_colors_info=\u00a0\u00bb{}\u00a0\u00bb sticky_transition=\u00a0\u00bbon\u00a0\u00bb]<\/p>\n<p>Nous travaillons pour des PME, des entreprises et des ind\u00e9pendants.<\/p>\n<p>[\/et_pb_slide][\/et_pb_fullwidth_slider][\/et_pb_section][et_pb_section fb_built=\u00a0\u00bb1&Prime; _builder_version=\u00a0\u00bb4.24.2&Prime; _module_preset=\u00a0\u00bbdefault\u00a0\u00bb background_color=\u00a0\u00bb#F8F8F8&Prime; global_colors_info=\u00a0\u00bb{}\u00a0\u00bb][et_pb_row _builder_version=\u00a0\u00bb4.24.2&Prime; _module_preset=\u00a0\u00bb_initial\u00a0\u00bb global_colors_info=\u00a0\u00bb{}\u00a0\u00bb][et_pb_column type=\u00a0\u00bb4_4&Prime; _builder_version=\u00a0\u00bb4.24.2&Prime; _module_preset=\u00a0\u00bbdefault\u00a0\u00bb global_colors_info=\u00a0\u00bb{}\u00a0\u00bb][et_pb_text _builder_version=\u00a0\u00bb4.24.2&Prime; _module_preset=\u00a0\u00bbdefault\u00a0\u00bb header_3_text_align=\u00a0\u00bbcenter\u00a0\u00bb header_3_font_size=\u00a0\u00bb35px\u00a0\u00bb animation_style=\u00a0\u00bbfade\u00a0\u00bb animation_delay=\u00a0\u00bb500ms\u00a0\u00bb header_3_font_size_tablet=\u00a0\u00bb35px\u00a0\u00bb header_3_font_size_phone=\u00a0\u00bb25px\u00a0\u00bb header_3_font_size_last_edited=\u00a0\u00bbon|phone\u00a0\u00bb global_colors_info=\u00a0\u00bb{}\u00a0\u00bb]<\/p>\n<h3>Solutions int\u00e9grales pour les entreprises et les professionnels<\/h3>\n<p>[\/et_pb_text][\/et_pb_column][\/et_pb_row][\/et_pb_section][et_pb_section fb_built=\u00a0\u00bb1&Prime; _builder_version=\u00a0\u00bb4.24.2&Prime; _module_preset=\u00a0\u00bbdefault\u00a0\u00bb custom_padding=\u00a0\u00bb||80px|||\u00a0\u00bb global_colors_info=\u00a0\u00bb{}\u00a0\u00bb][et_pb_row _builder_version=\u00a0\u00bb4.24.2&Prime; _module_preset=\u00a0\u00bb_initial\u00a0\u00bb locked=\u00a0\u00bboff\u00a0\u00bb global_colors_info=\u00a0\u00bb{}\u00a0\u00bb][et_pb_column type=\u00a0\u00bb4_4&Prime; _builder_version=\u00a0\u00bb4.24.2&Prime; _module_preset=\u00a0\u00bbdefault\u00a0\u00bb global_colors_info=\u00a0\u00bb{}\u00a0\u00bb][et_pb_text _builder_version=\u00a0\u00bb4.24.2&Prime; _module_preset=\u00a0\u00bbdefault\u00a0\u00bb header_3_text_align=\u00a0\u00bbcenter\u00a0\u00bb header_3_font_size=\u00a0\u00bb35px\u00a0\u00bb animation_style=\u00a0\u00bbfade\u00a0\u00bb header_3_font_size_tablet=\u00a0\u00bb35px\u00a0\u00bb header_3_font_size_phone=\u00a0\u00bb28px\u00a0\u00bb header_3_font_size_last_edited=\u00a0\u00bbon|phone\u00a0\u00bb global_colors_info=\u00a0\u00bb{}\u00a0\u00bb]<\/p>\n<h3>Services<\/h3>\n<p>[\/et_pb_text][et_pb_divider color=\u00a0\u00bb#752218&Prime; divider_weight=\u00a0\u00bb4px\u00a0\u00bb _builder_version=\u00a0\u00bb4.24.2&Prime; _module_preset=\u00a0\u00bbdefault\u00a0\u00bb width=\u00a0\u00bb50px\u00a0\u00bb module_alignment=\u00a0\u00bbcenter\u00a0\u00bb custom_margin=\u00a0\u00bb||10px||false|false\u00a0\u00bb animation_style=\u00a0\u00bbfade\u00a0\u00bb animation_delay=\u00a0\u00bb500ms\u00a0\u00bb global_colors_info=\u00a0\u00bb{}\u00a0\u00bb][\/et_pb_divider][et_pb_text _builder_version=\u00a0\u00bb4.24.2&Prime; _module_preset=\u00a0\u00bbdefault\u00a0\u00bb text_font=\u00a0\u00bb||||||||\u00a0\u00bb header_5_font=\u00a0\u00bb||||||||\u00a0\u00bb header_5_text_color=\u00a0\u00bb#5C6265&Prime; header_5_font_size=\u00a0\u00bb17px\u00a0\u00bb text_orientation=\u00a0\u00bbcenter\u00a0\u00bb custom_margin=\u00a0\u00bb||13px|||\u00a0\u00bb animation_style=\u00a0\u00bbfade\u00a0\u00bb animation_delay=\u00a0\u00bb1000ms\u00a0\u00bb global_colors_info=\u00a0\u00bb{}\u00a0\u00bb]<\/p>\n<p>Conseil aux entreprises \u00e0 D\u00e9nia pour les PME, les entreprises et les ind\u00e9pendants<\/p>\n<p>[\/et_pb_text][\/et_pb_column][\/et_pb_row][et_pb_row column_structure=\u00a0\u00bb1_2,1_2&Prime; _builder_version=\u00a0\u00bb4.24.2&Prime; _module_preset=\u00a0\u00bb_initial\u00a0\u00bb global_colors_info=\u00a0\u00bb{}\u00a0\u00bb][et_pb_column type=\u00a0\u00bb1_2&Prime; _builder_version=\u00a0\u00bb4.24.2&Prime; _module_preset=\u00a0\u00bbdefault\u00a0\u00bb global_colors_info=\u00a0\u00bb{}\u00a0\u00bb][et_pb_blurb title=\u00a0\u00bbConseil en comptabilit\u00e9\u00a0\u00bb image=\u00a0\u00bbhttps:\/\/asesoresdenia.com\/wp-content\/uploads\/2024\/03\/Icono-Asesoria-Contable.png\u00a0\u00bb icon_placement=\u00a0\u00bbleft\u00a0\u00bb image_icon_width=\u00a0\u00bb80px\u00a0\u00bb content_max_width=\u00a0\u00bb100%\u00a0\u00bb _builder_version=\u00a0\u00bb4.24.2&Prime; _module_preset=\u00a0\u00bbdefault\u00a0\u00bb header_font_size=\u00a0\u00bb22px\u00a0\u00bb image_icon_custom_margin=\u00a0\u00bb-12px||||false|false\u00a0\u00bb animation_style=\u00a0\u00bbslide\u00a0\u00bb link_option_url=\u00a0\u00bb\/servicios\/asesoria-contable\/\u00a0\u00bb header_font_size_tablet=\u00a0\u00bb22px\u00a0\u00bb header_font_size_phone=\u00a0\u00bb21px\u00a0\u00bb header_font_size_last_edited=\u00a0\u00bbon|phone\u00a0\u00bb global_colors_info=\u00a0\u00bb{}\u00a0\u00bb]<\/p>\n<p>Supervision et contr\u00f4le des comptes de l&rsquo;entreprise.<\/p>\n<p>[\/et_pb_blurb][\/et_pb_column][et_pb_column type=\u00a0\u00bb1_2&Prime; _builder_version=\u00a0\u00bb4.24.2&Prime; _module_preset=\u00a0\u00bbdefault\u00a0\u00bb global_colors_info=\u00a0\u00bb{}\u00a0\u00bb][et_pb_blurb title=\u00a0\u00bbConseils fiscaux\u00a0\u00bb image=\u00a0\u00bbhttps:\/\/asesoresdenia.com\/wp-content\/uploads\/2024\/03\/Icono-Asesoria-Fiscal.png\u00a0\u00bb icon_placement=\u00a0\u00bbleft\u00a0\u00bb image_icon_width=\u00a0\u00bb80px\u00a0\u00bb content_max_width=\u00a0\u00bb100%\u00a0\u00bb _builder_version=\u00a0\u00bb4.24.2&Prime; _module_preset=\u00a0\u00bbdefault\u00a0\u00bb header_font_size=\u00a0\u00bb22px\u00a0\u00bb image_icon_custom_margin=\u00a0\u00bb-12px||||false|false\u00a0\u00bb animation_style=\u00a0\u00bbslide\u00a0\u00bb animation_delay=\u00a0\u00bb500ms\u00a0\u00bb link_option_url=\u00a0\u00bb\/servicios\/asesoria-fiscal\/\u00a0\u00bb header_font_size_tablet=\u00a0\u00bb22px\u00a0\u00bb header_font_size_phone=\u00a0\u00bb21px\u00a0\u00bb header_font_size_last_edited=\u00a0\u00bbon|phone\u00a0\u00bb global_colors_info=\u00a0\u00bb{}\u00a0\u00bb]<\/p>\n<p>Gestion des obligations fiscales et planification fiscale adapt\u00e9e.<\/p>\n<p>[\/et_pb_blurb][\/et_pb_column][\/et_pb_row][et_pb_row column_structure=\u00a0\u00bb1_2,1_2&Prime; custom_padding_last_edited=\u00a0\u00bbon|tablet\u00a0\u00bb _builder_version=\u00a0\u00bb4.24.2&Prime; _module_preset=\u00a0\u00bb_initial\u00a0\u00bb custom_padding_tablet=\u00a0\u00bb0px||||false|false\u00a0\u00bb custom_padding_phone=\u00a0\u00bb0px||||false|false\u00a0\u00bb global_colors_info=\u00a0\u00bb{}\u00a0\u00bb][et_pb_column type=\u00a0\u00bb1_2&Prime; _builder_version=\u00a0\u00bb4.24.2&Prime; _module_preset=\u00a0\u00bbdefault\u00a0\u00bb global_colors_info=\u00a0\u00bb{}\u00a0\u00bb][et_pb_blurb title=\u00a0\u00bbConseil juridique\u00a0\u00bb image=\u00a0\u00bbhttps:\/\/asesoresdenia.com\/wp-content\/uploads\/2024\/03\/Icono-Asesoria-Juridica.png\u00a0\u00bb icon_placement=\u00a0\u00bbleft\u00a0\u00bb image_icon_width=\u00a0\u00bb80px\u00a0\u00bb content_max_width=\u00a0\u00bb100%\u00a0\u00bb _builder_version=\u00a0\u00bb4.24.2&Prime; _module_preset=\u00a0\u00bbdefault\u00a0\u00bb header_font_size=\u00a0\u00bb22px\u00a0\u00bb image_icon_custom_margin=\u00a0\u00bb-12px||||false|false\u00a0\u00bb animation_style=\u00a0\u00bbslide\u00a0\u00bb animation_delay=\u00a0\u00bb1000ms\u00a0\u00bb link_option_url=\u00a0\u00bb\/servicios\/asesoria-juridica\/\u00a0\u00bb header_font_size_tablet=\u00a0\u00bb22px\u00a0\u00bb header_font_size_phone=\u00a0\u00bb21px\u00a0\u00bb header_font_size_last_edited=\u00a0\u00bbon|phone\u00a0\u00bb global_colors_info=\u00a0\u00bb{}\u00a0\u00bb]<\/p>\n<p>Conseils en mati\u00e8re commerciale, civile et administrative.<\/p>\n<p>[\/et_pb_blurb][\/et_pb_column][et_pb_column type=\u00a0\u00bb1_2&Prime; _builder_version=\u00a0\u00bb4.24.2&Prime; _module_preset=\u00a0\u00bbdefault\u00a0\u00bb global_colors_info=\u00a0\u00bb{}\u00a0\u00bb][et_pb_blurb title=\u00a0\u00bbConseil en mati\u00e8re d&#8217;emploi\u00a0\u00bb image=\u00a0\u00bbhttps:\/\/asesoresdenia.com\/wp-content\/uploads\/2024\/03\/Icono-Asesoria-Laboral.png\u00a0\u00bb icon_placement=\u00a0\u00bbleft\u00a0\u00bb image_icon_width=\u00a0\u00bb80px\u00a0\u00bb content_max_width=\u00a0\u00bb100%\u00a0\u00bb _builder_version=\u00a0\u00bb4.24.2&Prime; _module_preset=\u00a0\u00bbdefault\u00a0\u00bb header_font_size=\u00a0\u00bb22px\u00a0\u00bb image_icon_custom_margin=\u00a0\u00bb-12px||||false|false\u00a0\u00bb animation_style=\u00a0\u00bbslide\u00a0\u00bb animation_delay=\u00a0\u00bb1500ms\u00a0\u00bb link_option_url=\u00a0\u00bb\/servicios\/asesoria-laboral\/\u00a0\u00bb header_font_size_tablet=\u00a0\u00bb22px\u00a0\u00bb header_font_size_phone=\u00a0\u00bb21px\u00a0\u00bb header_font_size_last_edited=\u00a0\u00bbon|phone\u00a0\u00bb global_colors_info=\u00a0\u00bb{}\u00a0\u00bb]<\/p>\n<p>Inscriptions et radiations \u00e0 la s\u00e9curit\u00e9 sociale, bulletins de salaire, contrats, s\u00e9curit\u00e9 sociale.<\/p>\n<p>[\/et_pb_blurb][\/et_pb_column][\/et_pb_row][\/et_pb_section]<\/p>\n","protected":false},"excerpt":{"rendered":"<p>Nous travaillons pour des PME, des entreprises et des ind\u00e9pendants.Nous travaillons pour des PME, des entreprises et des ind\u00e9pendants.Nous travaillons pour des PME, des entreprises et des ind\u00e9pendants.Solutions int\u00e9grales pour les entreprises et les professionnelsServicesConseil aux entreprises \u00e0 D\u00e9nia pour les PME, les entreprises et les ind\u00e9pendantsSupervision et contr\u00f4le des comptes de l&rsquo;entreprise.Gestion des obligations [&hellip;]<\/p>\n","protected":false},"author":1,"featured_media":0,"parent":0,"menu_order":1,"comment_status":"closed","ping_status":"closed","template":"","meta":{"_et_pb_use_builder":"on","_et_pb_old_content":"","_et_gb_content_width":"","footnotes":""},"class_list":["post-1183","page","type-page","status-publish","hentry"],"yoast_head":"<!-- This site is optimized with the Yoast SEO plugin v25.6 - https:\/\/yoast.com\/wordpress\/plugins\/seo\/ -->\n<title>Accueil - Coasde, S.L.<\/title>\n<meta name=\"robots\" content=\"index, follow, max-snippet:-1, max-image-preview:large, max-video-preview:-1\" \/>\n<link rel=\"canonical\" href=\"https:\/\/asesoresdenia.com\/fr\/\" \/>\n<meta property=\"og:locale\" content=\"fr_FR\" \/>\n<meta property=\"og:type\" content=\"article\" \/>\n<meta property=\"og:title\" content=\"Accueil - Coasde, S.L.\" \/>\n<meta property=\"og:description\" content=\"Nous travaillons pour des PME, des entreprises et des ind\u00e9pendants.Nous travaillons pour des PME, des entreprises et des ind\u00e9pendants.Nous travaillons pour des PME, des entreprises et des ind\u00e9pendants.Solutions int\u00e9grales pour les entreprises et les professionnelsServicesConseil aux entreprises \u00e0 D\u00e9nia pour les PME, les entreprises et les ind\u00e9pendantsSupervision et contr\u00f4le des comptes de l&#039;entreprise.Gestion des obligations [&hellip;]\" \/>\n<meta property=\"og:url\" content=\"https:\/\/asesoresdenia.com\/fr\/\" \/>\n<meta property=\"og:site_name\" content=\"Coasde, S.L.\" \/>\n<meta property=\"article:modified_time\" content=\"2024-04-12T09:13:25+00:00\" \/>\n<meta name=\"twitter:card\" content=\"summary_large_image\" \/>\n<meta name=\"twitter:label1\" content=\"Dur\u00e9e de lecture estim\u00e9e\" \/>\n\t<meta name=\"twitter:data1\" content=\"6 minutes\" \/>\n<script type=\"application\/ld+json\" class=\"yoast-schema-graph\">{\"@context\":\"https:\/\/schema.org\",\"@graph\":[{\"@type\":\"WebPage\",\"@id\":\"https:\/\/asesoresdenia.com\/fr\/\",\"url\":\"https:\/\/asesoresdenia.com\/fr\/\",\"name\":\"Accueil - Coasde, S.L.\",\"isPartOf\":{\"@id\":\"https:\/\/asesoresdenia.com\/fr\/#website\"},\"datePublished\":\"2024-03-31T18:51:23+00:00\",\"dateModified\":\"2024-04-12T09:13:25+00:00\",\"breadcrumb\":{\"@id\":\"https:\/\/asesoresdenia.com\/fr\/#breadcrumb\"},\"inLanguage\":\"fr-FR\",\"potentialAction\":[{\"@type\":\"ReadAction\",\"target\":[\"https:\/\/asesoresdenia.com\/fr\/\"]}]},{\"@type\":\"BreadcrumbList\",\"@id\":\"https:\/\/asesoresdenia.com\/fr\/#breadcrumb\",\"itemListElement\":[{\"@type\":\"ListItem\",\"position\":1,\"name\":\"Portada\",\"item\":\"https:\/\/asesoresdenia.com\/fr\/\"},{\"@type\":\"ListItem\",\"position\":2,\"name\":\"Accueil\"}]},{\"@type\":\"WebSite\",\"@id\":\"https:\/\/asesoresdenia.com\/fr\/#website\",\"url\":\"https:\/\/asesoresdenia.com\/fr\/\",\"name\":\"Coasde, S.L.\",\"description\":\"Consulting \u2022 Asesores \u2022 Denia\",\"publisher\":{\"@id\":\"https:\/\/asesoresdenia.com\/fr\/#organization\"},\"potentialAction\":[{\"@type\":\"SearchAction\",\"target\":{\"@type\":\"EntryPoint\",\"urlTemplate\":\"https:\/\/asesoresdenia.com\/fr\/?s={search_term_string}\"},\"query-input\":{\"@type\":\"PropertyValueSpecification\",\"valueRequired\":true,\"valueName\":\"search_term_string\"}}],\"inLanguage\":\"fr-FR\"},{\"@type\":\"Organization\",\"@id\":\"https:\/\/asesoresdenia.com\/fr\/#organization\",\"name\":\"Coasde, S.L.\",\"url\":\"https:\/\/asesoresdenia.com\/fr\/\",\"logo\":{\"@type\":\"ImageObject\",\"inLanguage\":\"fr-FR\",\"@id\":\"https:\/\/asesoresdenia.com\/fr\/#\/schema\/logo\/image\/\",\"url\":\"https:\/\/asesoresdenia.com\/wp-content\/uploads\/2022\/10\/Logo-96x19-1.png\",\"contentUrl\":\"https:\/\/asesoresdenia.com\/wp-content\/uploads\/2022\/10\/Logo-96x19-1.png\",\"width\":96,\"height\":19,\"caption\":\"Coasde, S.L.\"},\"image\":{\"@id\":\"https:\/\/asesoresdenia.com\/fr\/#\/schema\/logo\/image\/\"}}]}<\/script>\n<!-- \/ Yoast SEO plugin. -->","yoast_head_json":{"title":"Accueil - Coasde, S.L.","robots":{"index":"index","follow":"follow","max-snippet":"max-snippet:-1","max-image-preview":"max-image-preview:large","max-video-preview":"max-video-preview:-1"},"canonical":"https:\/\/asesoresdenia.com\/fr\/","og_locale":"fr_FR","og_type":"article","og_title":"Accueil - Coasde, S.L.","og_description":"Nous travaillons pour des PME, des entreprises et des ind\u00e9pendants.Nous travaillons pour des PME, des entreprises et des ind\u00e9pendants.Nous travaillons pour des PME, des entreprises et des ind\u00e9pendants.Solutions int\u00e9grales pour les entreprises et les professionnelsServicesConseil aux entreprises \u00e0 D\u00e9nia pour les PME, les entreprises et les ind\u00e9pendantsSupervision et contr\u00f4le des comptes de l'entreprise.Gestion des obligations [&hellip;]","og_url":"https:\/\/asesoresdenia.com\/fr\/","og_site_name":"Coasde, S.L.","article_modified_time":"2024-04-12T09:13:25+00:00","twitter_card":"summary_large_image","twitter_misc":{"Dur\u00e9e de lecture estim\u00e9e":"6 minutes"},"schema":{"@context":"https:\/\/schema.org","@graph":[{"@type":"WebPage","@id":"https:\/\/asesoresdenia.com\/fr\/","url":"https:\/\/asesoresdenia.com\/fr\/","name":"Accueil - Coasde, S.L.","isPartOf":{"@id":"https:\/\/asesoresdenia.com\/fr\/#website"},"datePublished":"2024-03-31T18:51:23+00:00","dateModified":"2024-04-12T09:13:25+00:00","breadcrumb":{"@id":"https:\/\/asesoresdenia.com\/fr\/#breadcrumb"},"inLanguage":"fr-FR","potentialAction":[{"@type":"ReadAction","target":["https:\/\/asesoresdenia.com\/fr\/"]}]},{"@type":"BreadcrumbList","@id":"https:\/\/asesoresdenia.com\/fr\/#breadcrumb","itemListElement":[{"@type":"ListItem","position":1,"name":"Portada","item":"https:\/\/asesoresdenia.com\/fr\/"},{"@type":"ListItem","position":2,"name":"Accueil"}]},{"@type":"WebSite","@id":"https:\/\/asesoresdenia.com\/fr\/#website","url":"https:\/\/asesoresdenia.com\/fr\/","name":"Coasde, S.L.","description":"Consulting \u2022 Asesores \u2022 Denia","publisher":{"@id":"https:\/\/asesoresdenia.com\/fr\/#organization"},"potentialAction":[{"@type":"SearchAction","target":{"@type":"EntryPoint","urlTemplate":"https:\/\/asesoresdenia.com\/fr\/?s={search_term_string}"},"query-input":{"@type":"PropertyValueSpecification","valueRequired":true,"valueName":"search_term_string"}}],"inLanguage":"fr-FR"},{"@type":"Organization","@id":"https:\/\/asesoresdenia.com\/fr\/#organization","name":"Coasde, S.L.","url":"https:\/\/asesoresdenia.com\/fr\/","logo":{"@type":"ImageObject","inLanguage":"fr-FR","@id":"https:\/\/asesoresdenia.com\/fr\/#\/schema\/logo\/image\/","url":"https:\/\/asesoresdenia.com\/wp-content\/uploads\/2022\/10\/Logo-96x19-1.png","contentUrl":"https:\/\/asesoresdenia.com\/wp-content\/uploads\/2022\/10\/Logo-96x19-1.png","width":96,"height":19,"caption":"Coasde, S.L."},"image":{"@id":"https:\/\/asesoresdenia.com\/fr\/#\/schema\/logo\/image\/"}}]}},"_links":{"self":[{"href":"https:\/\/asesoresdenia.com\/fr\/wp-json\/wp\/v2\/pages\/1183"}],"collection":[{"href":"https:\/\/asesoresdenia.com\/fr\/wp-json\/wp\/v2\/pages"}],"about":[{"href":"https:\/\/asesoresdenia.com\/fr\/wp-json\/wp\/v2\/types\/page"}],"author":[{"embeddable":true,"href":"https:\/\/asesoresdenia.com\/fr\/wp-json\/wp\/v2\/users\/1"}],"replies":[{"embeddable":true,"href":"https:\/\/asesoresdenia.com\/fr\/wp-json\/wp\/v2\/comments?post=1183"}],"version-history":[{"count":5,"href":"https:\/\/asesoresdenia.com\/fr\/wp-json\/wp\/v2\/pages\/1183\/revisions"}],"predecessor-version":[{"id":1451,"href":"https:\/\/asesoresdenia.com\/fr\/wp-json\/wp\/v2\/pages\/1183\/revisions\/1451"}],"wp:attachment":[{"href":"https:\/\/asesoresdenia.com\/fr\/wp-json\/wp\/v2\/media?parent=1183"}],"curies":[{"name":"wp","href":"https:\/\/api.w.org\/{rel}","templated":true}]}}