{"id":1200,"date":"2024-03-31T21:13:13","date_gmt":"2024-03-31T19:13:13","guid":{"rendered":"https:\/\/asesoresdenia.com\/?page_id=1200"},"modified":"2024-04-12T10:42:49","modified_gmt":"2024-04-12T08:42:49","slug":"conseil-comptable","status":"publish","type":"page","link":"https:\/\/asesoresdenia.com\/fr\/services\/conseil-comptable\/","title":{"rendered":"Conseil Comptable"},"content":{"rendered":"<p>[et_pb_section fb_built=\u00a0\u00bb1&Prime; _builder_version=\u00a0\u00bb4.24.2&Prime; _module_preset=\u00a0\u00bbdefault\u00a0\u00bb use_background_color_gradient=\u00a0\u00bbon\u00a0\u00bb background_color_gradient_direction=\u00a0\u00bb90deg\u00a0\u00bb background_color_gradient_stops=\u00a0\u00bbrgba(255,255,255,0.8) 0%|rgba(255,255,255,0) 100%\u00a0\u00bb background_color_gradient_overlays_image=\u00a0\u00bbon\u00a0\u00bb background_image=\u00a0\u00bbhttps:\/\/asesoresdenia.com\/wp-content\/uploads\/2024\/03\/Banner-Asesoria-Legal-scaled.jpg\u00a0\u00bb custom_padding=\u00a0\u00bb40px||40px||false|false\u00a0\u00bb locked=\u00a0\u00bboff\u00a0\u00bb global_colors_info=\u00a0\u00bb{}\u00a0\u00bb][et_pb_row _builder_version=\u00a0\u00bb4.24.2&Prime; _module_preset=\u00a0\u00bb_initial\u00a0\u00bb global_colors_info=\u00a0\u00bb{}\u00a0\u00bb][et_pb_column type=\u00a0\u00bb4_4&Prime; _builder_version=\u00a0\u00bb4.24.2&Prime; _module_preset=\u00a0\u00bbdefault\u00a0\u00bb global_colors_info=\u00a0\u00bb{}\u00a0\u00bb][et_pb_text _builder_version=\u00a0\u00bb4.24.2&Prime; _module_preset=\u00a0\u00bbdefault\u00a0\u00bb header_font=\u00a0\u00bbRaleway||||||||\u00a0\u00bb header_text_color=\u00a0\u00bb#191919&Prime; custom_margin=\u00a0\u00bb||-12px||false|false\u00a0\u00bb custom_padding=\u00a0\u00bb||||false|false\u00a0\u00bb hover_enabled=\u00a0\u00bb0&Prime; header_font_size_tablet=\u00a0\u00bb\u00a0\u00bb header_font_size_phone=\u00a0\u00bb25px\u00a0\u00bb header_font_size_last_edited=\u00a0\u00bbon|phone\u00a0\u00bb global_colors_info=\u00a0\u00bb{}\u00a0\u00bb sticky_enabled=\u00a0\u00bb0&Prime;]<\/p>\n<h1>Conseil en comptabilit\u00e9<\/h1>\n<p>[\/et_pb_text][\/et_pb_column][\/et_pb_row][\/et_pb_section][et_pb_section fb_built=\u00a0\u00bb1&Prime; custom_padding_last_edited=\u00a0\u00bbon|phone\u00a0\u00bb _builder_version=\u00a0\u00bb4.24.2&Prime; _module_preset=\u00a0\u00bbdefault\u00a0\u00bb custom_padding=\u00a0\u00bb||80px|||\u00a0\u00bb custom_padding_tablet=\u00a0\u00bb||80px|||\u00a0\u00bb custom_padding_phone=\u00a0\u00bb20px||30px||false|false\u00a0\u00bb locked=\u00a0\u00bboff\u00a0\u00bb global_colors_info=\u00a0\u00bb{}\u00a0\u00bb][et_pb_row column_structure=\u00a0\u00bb1_2,1_2&Prime; _builder_version=\u00a0\u00bb4.24.2&Prime; _module_preset=\u00a0\u00bb_initial\u00a0\u00bb locked=\u00a0\u00bboff\u00a0\u00bb global_colors_info=\u00a0\u00bb{}\u00a0\u00bb][et_pb_column type=\u00a0\u00bb1_2&Prime; _builder_version=\u00a0\u00bb4.24.2&Prime; _module_preset=\u00a0\u00bbdefault\u00a0\u00bb global_colors_info=\u00a0\u00bb{}\u00a0\u00bb][et_pb_text _builder_version=\u00a0\u00bb4.24.2&Prime; _module_preset=\u00a0\u00bbdefault\u00a0\u00bb header_3_font_size=\u00a0\u00bb25px\u00a0\u00bb animation_style=\u00a0\u00bbfade\u00a0\u00bb hover_enabled=\u00a0\u00bb0&Prime; header_3_font_size_tablet=\u00a0\u00bb25px\u00a0\u00bb header_3_font_size_phone=\u00a0\u00bb22px\u00a0\u00bb header_3_font_size_last_edited=\u00a0\u00bbon|phone\u00a0\u00bb global_colors_info=\u00a0\u00bb{}\u00a0\u00bb sticky_enabled=\u00a0\u00bb0&Prime;]<\/p>\n<h3>Nous contr\u00f4lons les comptes de votre entreprise<\/h3>\n<p>[\/et_pb_text][et_pb_divider color=\u00a0\u00bb#752218&Prime; divider_weight=\u00a0\u00bb4px\u00a0\u00bb _builder_version=\u00a0\u00bb4.24.2&Prime; _module_preset=\u00a0\u00bbdefault\u00a0\u00bb width=\u00a0\u00bb50px\u00a0\u00bb custom_margin=\u00a0\u00bb||10px||false|false\u00a0\u00bb animation_style=\u00a0\u00bbfade\u00a0\u00bb animation_delay=\u00a0\u00bb500ms\u00a0\u00bb global_colors_info=\u00a0\u00bb{}\u00a0\u00bb][\/et_pb_divider][et_pb_text _builder_version=\u00a0\u00bb4.24.2&Prime; _module_preset=\u00a0\u00bbdefault\u00a0\u00bb ul_line_height=\u00a0\u00bb2em\u00a0\u00bb hover_enabled=\u00a0\u00bb0&Prime; global_colors_info=\u00a0\u00bb{}\u00a0\u00bb sticky_enabled=\u00a0\u00bb0&Prime;]<\/p>\n<p>Pr\u00e9paration des comptes<br \/>Pr\u00e9paration des \u00e9tats financiers<br \/>L\u00e9galisation des livres comptables<br \/>Conseil comptable et \u00e9conomique<br \/>Pr\u00e9paration des registres fiscaux<br \/>D\u00e9claration annuelle des transactions avec des tiers<br \/>D\u00e9clarations trimestrielles<br \/>Recours et assignations aupr\u00e8s des autorit\u00e9s fiscales<br \/>Analyse des comptes de r\u00e9sultats<br \/>Pr\u00e9paration et r\u00e8glement des imp\u00f4ts<\/p>\n<p>[\/et_pb_text][et_pb_button button_url=\u00a0\u00bb\/contacto\u00a0\u00bb button_text=\u00a0\u00bbContactez-nous \u00e0\u00a0\u00bb button_alignment=\u00a0\u00bbleft\u00a0\u00bb _builder_version=\u00a0\u00bb4.24.2&Prime; _module_preset=\u00a0\u00bbdefault\u00a0\u00bb custom_button=\u00a0\u00bbon\u00a0\u00bb button_text_size=\u00a0\u00bb18px\u00a0\u00bb button_text_color=\u00a0\u00bb#FFFFFF\u00a0\u00bb button_bg_color=\u00a0\u00bb#752218&Prime; button_border_width=\u00a0\u00bb0px\u00a0\u00bb button_border_radius=\u00a0\u00bb3px\u00a0\u00bb hover_enabled=\u00a0\u00bb0&Prime; button_text_size_tablet=\u00a0\u00bb18px\u00a0\u00bb button_text_size_phone=\u00a0\u00bb14px\u00a0\u00bb button_text_size_last_edited=\u00a0\u00bbon|phone\u00a0\u00bb global_colors_info=\u00a0\u00bb{}\u00a0\u00bb sticky_enabled=\u00a0\u00bb0&Prime;][\/et_pb_button][\/et_pb_column][et_pb_column type=\u00a0\u00bb1_2&Prime; _builder_version=\u00a0\u00bb4.24.2&Prime; _module_preset=\u00a0\u00bbdefault\u00a0\u00bb global_colors_info=\u00a0\u00bb{}\u00a0\u00bb][et_pb_image src=\u00a0\u00bbhttps:\/\/asesoresdenia.com\/wp-content\/uploads\/2024\/03\/Asesoria-Contable.jpg\u00a0\u00bb title_text=\u00a0\u00bbAsesor\u00eda Contable\u00a0\u00bb _builder_version=\u00a0\u00bb4.24.2&Prime; _module_preset=\u00a0\u00bbdefault\u00a0\u00bb custom_margin=\u00a0\u00bb||||false|false\u00a0\u00bb custom_margin_tablet=\u00a0\u00bb30px||||false|false\u00a0\u00bb custom_margin_phone=\u00a0\u00bb30px||||false|false\u00a0\u00bb custom_margin_last_edited=\u00a0\u00bbon|phone\u00a0\u00bb global_colors_info=\u00a0\u00bb{}\u00a0\u00bb][\/et_pb_image][\/et_pb_column][\/et_pb_row][\/et_pb_section]<\/p>\n","protected":false},"excerpt":{"rendered":"<p>Conseil en comptabilit\u00e9Nous contr\u00f4lons les comptes de votre entreprisePr\u00e9paration des comptesPr\u00e9paration des \u00e9tats financiersL\u00e9galisation des livres comptablesConseil comptable et \u00e9conomiquePr\u00e9paration des registres fiscauxD\u00e9claration annuelle des transactions avec des tiersD\u00e9clarations trimestriellesRecours et assignations aupr\u00e8s des autorit\u00e9s fiscalesAnalyse des comptes de r\u00e9sultatsPr\u00e9paration et r\u00e8glement des imp\u00f4ts<\/p>\n","protected":false},"author":1,"featured_media":0,"parent":1191,"menu_order":0,"comment_status":"closed","ping_status":"closed","template":"","meta":{"_et_pb_use_builder":"on","_et_pb_old_content":"","_et_gb_content_width":"","footnotes":""},"class_list":["post-1200","page","type-page","status-publish","hentry"],"yoast_head":"<!-- This site is optimized with the Yoast SEO plugin v25.6 - https:\/\/yoast.com\/wordpress\/plugins\/seo\/ -->\n<title>Conseil Comptable - Coasde, S.L.<\/title>\n<meta name=\"robots\" content=\"index, follow, max-snippet:-1, max-image-preview:large, max-video-preview:-1\" \/>\n<link rel=\"canonical\" href=\"https:\/\/asesoresdenia.com\/fr\/services\/conseil-comptable\/\" \/>\n<meta property=\"og:locale\" content=\"fr_FR\" \/>\n<meta property=\"og:type\" content=\"article\" \/>\n<meta property=\"og:title\" content=\"Conseil Comptable - Coasde, S.L.\" \/>\n<meta property=\"og:description\" content=\"Conseil en comptabilit\u00e9Nous contr\u00f4lons les comptes de votre entreprisePr\u00e9paration des comptesPr\u00e9paration des \u00e9tats financiersL\u00e9galisation des livres comptablesConseil comptable et \u00e9conomiquePr\u00e9paration des registres fiscauxD\u00e9claration annuelle des transactions avec des tiersD\u00e9clarations trimestriellesRecours et assignations aupr\u00e8s des autorit\u00e9s fiscalesAnalyse des comptes de r\u00e9sultatsPr\u00e9paration et r\u00e8glement des imp\u00f4ts\" \/>\n<meta property=\"og:url\" content=\"https:\/\/asesoresdenia.com\/fr\/services\/conseil-comptable\/\" \/>\n<meta property=\"og:site_name\" content=\"Coasde, S.L.\" \/>\n<meta property=\"article:modified_time\" content=\"2024-04-12T08:42:49+00:00\" \/>\n<meta name=\"twitter:card\" content=\"summary_large_image\" \/>\n<meta name=\"twitter:label1\" content=\"Dur\u00e9e de lecture estim\u00e9e\" \/>\n\t<meta name=\"twitter:data1\" content=\"2 minutes\" \/>\n<script type=\"application\/ld+json\" class=\"yoast-schema-graph\">{\"@context\":\"https:\/\/schema.org\",\"@graph\":[{\"@type\":\"WebPage\",\"@id\":\"https:\/\/asesoresdenia.com\/fr\/services\/conseil-comptable\/\",\"url\":\"https:\/\/asesoresdenia.com\/fr\/services\/conseil-comptable\/\",\"name\":\"Conseil Comptable - Coasde, S.L.\",\"isPartOf\":{\"@id\":\"https:\/\/asesoresdenia.com\/fr\/#website\"},\"datePublished\":\"2024-03-31T19:13:13+00:00\",\"dateModified\":\"2024-04-12T08:42:49+00:00\",\"breadcrumb\":{\"@id\":\"https:\/\/asesoresdenia.com\/fr\/services\/conseil-comptable\/#breadcrumb\"},\"inLanguage\":\"fr-FR\",\"potentialAction\":[{\"@type\":\"ReadAction\",\"target\":[\"https:\/\/asesoresdenia.com\/fr\/services\/conseil-comptable\/\"]}]},{\"@type\":\"BreadcrumbList\",\"@id\":\"https:\/\/asesoresdenia.com\/fr\/services\/conseil-comptable\/#breadcrumb\",\"itemListElement\":[{\"@type\":\"ListItem\",\"position\":1,\"name\":\"Portada\",\"item\":\"https:\/\/asesoresdenia.com\/fr\/\"},{\"@type\":\"ListItem\",\"position\":2,\"name\":\"Services\",\"item\":\"https:\/\/asesoresdenia.com\/fr\/services\/\"},{\"@type\":\"ListItem\",\"position\":3,\"name\":\"Conseil Comptable\"}]},{\"@type\":\"WebSite\",\"@id\":\"https:\/\/asesoresdenia.com\/fr\/#website\",\"url\":\"https:\/\/asesoresdenia.com\/fr\/\",\"name\":\"Coasde, S.L.\",\"description\":\"Consulting \u2022 Asesores \u2022 Denia\",\"publisher\":{\"@id\":\"https:\/\/asesoresdenia.com\/fr\/#organization\"},\"potentialAction\":[{\"@type\":\"SearchAction\",\"target\":{\"@type\":\"EntryPoint\",\"urlTemplate\":\"https:\/\/asesoresdenia.com\/fr\/?s={search_term_string}\"},\"query-input\":{\"@type\":\"PropertyValueSpecification\",\"valueRequired\":true,\"valueName\":\"search_term_string\"}}],\"inLanguage\":\"fr-FR\"},{\"@type\":\"Organization\",\"@id\":\"https:\/\/asesoresdenia.com\/fr\/#organization\",\"name\":\"Coasde, S.L.\",\"url\":\"https:\/\/asesoresdenia.com\/fr\/\",\"logo\":{\"@type\":\"ImageObject\",\"inLanguage\":\"fr-FR\",\"@id\":\"https:\/\/asesoresdenia.com\/fr\/#\/schema\/logo\/image\/\",\"url\":\"https:\/\/asesoresdenia.com\/wp-content\/uploads\/2022\/10\/Logo-96x19-1.png\",\"contentUrl\":\"https:\/\/asesoresdenia.com\/wp-content\/uploads\/2022\/10\/Logo-96x19-1.png\",\"width\":96,\"height\":19,\"caption\":\"Coasde, S.L.\"},\"image\":{\"@id\":\"https:\/\/asesoresdenia.com\/fr\/#\/schema\/logo\/image\/\"}}]}<\/script>\n<!-- \/ Yoast SEO plugin. -->","yoast_head_json":{"title":"Conseil Comptable - Coasde, S.L.","robots":{"index":"index","follow":"follow","max-snippet":"max-snippet:-1","max-image-preview":"max-image-preview:large","max-video-preview":"max-video-preview:-1"},"canonical":"https:\/\/asesoresdenia.com\/fr\/services\/conseil-comptable\/","og_locale":"fr_FR","og_type":"article","og_title":"Conseil Comptable - Coasde, S.L.","og_description":"Conseil en comptabilit\u00e9Nous contr\u00f4lons les comptes de votre entreprisePr\u00e9paration des comptesPr\u00e9paration des \u00e9tats financiersL\u00e9galisation des livres comptablesConseil comptable et \u00e9conomiquePr\u00e9paration des registres fiscauxD\u00e9claration annuelle des transactions avec des tiersD\u00e9clarations trimestriellesRecours et assignations aupr\u00e8s des autorit\u00e9s fiscalesAnalyse des comptes de r\u00e9sultatsPr\u00e9paration et r\u00e8glement des imp\u00f4ts","og_url":"https:\/\/asesoresdenia.com\/fr\/services\/conseil-comptable\/","og_site_name":"Coasde, S.L.","article_modified_time":"2024-04-12T08:42:49+00:00","twitter_card":"summary_large_image","twitter_misc":{"Dur\u00e9e de lecture estim\u00e9e":"2 minutes"},"schema":{"@context":"https:\/\/schema.org","@graph":[{"@type":"WebPage","@id":"https:\/\/asesoresdenia.com\/fr\/services\/conseil-comptable\/","url":"https:\/\/asesoresdenia.com\/fr\/services\/conseil-comptable\/","name":"Conseil Comptable - Coasde, S.L.","isPartOf":{"@id":"https:\/\/asesoresdenia.com\/fr\/#website"},"datePublished":"2024-03-31T19:13:13+00:00","dateModified":"2024-04-12T08:42:49+00:00","breadcrumb":{"@id":"https:\/\/asesoresdenia.com\/fr\/services\/conseil-comptable\/#breadcrumb"},"inLanguage":"fr-FR","potentialAction":[{"@type":"ReadAction","target":["https:\/\/asesoresdenia.com\/fr\/services\/conseil-comptable\/"]}]},{"@type":"BreadcrumbList","@id":"https:\/\/asesoresdenia.com\/fr\/services\/conseil-comptable\/#breadcrumb","itemListElement":[{"@type":"ListItem","position":1,"name":"Portada","item":"https:\/\/asesoresdenia.com\/fr\/"},{"@type":"ListItem","position":2,"name":"Services","item":"https:\/\/asesoresdenia.com\/fr\/services\/"},{"@type":"ListItem","position":3,"name":"Conseil Comptable"}]},{"@type":"WebSite","@id":"https:\/\/asesoresdenia.com\/fr\/#website","url":"https:\/\/asesoresdenia.com\/fr\/","name":"Coasde, S.L.","description":"Consulting \u2022 Asesores \u2022 Denia","publisher":{"@id":"https:\/\/asesoresdenia.com\/fr\/#organization"},"potentialAction":[{"@type":"SearchAction","target":{"@type":"EntryPoint","urlTemplate":"https:\/\/asesoresdenia.com\/fr\/?s={search_term_string}"},"query-input":{"@type":"PropertyValueSpecification","valueRequired":true,"valueName":"search_term_string"}}],"inLanguage":"fr-FR"},{"@type":"Organization","@id":"https:\/\/asesoresdenia.com\/fr\/#organization","name":"Coasde, S.L.","url":"https:\/\/asesoresdenia.com\/fr\/","logo":{"@type":"ImageObject","inLanguage":"fr-FR","@id":"https:\/\/asesoresdenia.com\/fr\/#\/schema\/logo\/image\/","url":"https:\/\/asesoresdenia.com\/wp-content\/uploads\/2022\/10\/Logo-96x19-1.png","contentUrl":"https:\/\/asesoresdenia.com\/wp-content\/uploads\/2022\/10\/Logo-96x19-1.png","width":96,"height":19,"caption":"Coasde, S.L."},"image":{"@id":"https:\/\/asesoresdenia.com\/fr\/#\/schema\/logo\/image\/"}}]}},"_links":{"self":[{"href":"https:\/\/asesoresdenia.com\/fr\/wp-json\/wp\/v2\/pages\/1200"}],"collection":[{"href":"https:\/\/asesoresdenia.com\/fr\/wp-json\/wp\/v2\/pages"}],"about":[{"href":"https:\/\/asesoresdenia.com\/fr\/wp-json\/wp\/v2\/types\/page"}],"author":[{"embeddable":true,"href":"https:\/\/asesoresdenia.com\/fr\/wp-json\/wp\/v2\/users\/1"}],"replies":[{"embeddable":true,"href":"https:\/\/asesoresdenia.com\/fr\/wp-json\/wp\/v2\/comments?post=1200"}],"version-history":[{"count":3,"href":"https:\/\/asesoresdenia.com\/fr\/wp-json\/wp\/v2\/pages\/1200\/revisions"}],"predecessor-version":[{"id":1427,"href":"https:\/\/asesoresdenia.com\/fr\/wp-json\/wp\/v2\/pages\/1200\/revisions\/1427"}],"up":[{"embeddable":true,"href":"https:\/\/asesoresdenia.com\/fr\/wp-json\/wp\/v2\/pages\/1191"}],"wp:attachment":[{"href":"https:\/\/asesoresdenia.com\/fr\/wp-json\/wp\/v2\/media?parent=1200"}],"curies":[{"name":"wp","href":"https:\/\/api.w.org\/{rel}","templated":true}]}}