{"id":1212,"date":"2024-03-31T21:15:54","date_gmt":"2024-03-31T19:15:54","guid":{"rendered":"https:\/\/asesoresdenia.com\/?page_id=1212"},"modified":"2024-04-12T10:44:41","modified_gmt":"2024-04-12T08:44:41","slug":"conseils-en-emploi","status":"publish","type":"page","link":"https:\/\/asesoresdenia.com\/fr\/services\/conseils-en-emploi\/","title":{"rendered":"Conseils en Emploi"},"content":{"rendered":"<p>[et_pb_section fb_built=\u00a0\u00bb1&Prime; _builder_version=\u00a0\u00bb4.24.2&Prime; _module_preset=\u00a0\u00bbdefault\u00a0\u00bb use_background_color_gradient=\u00a0\u00bbon\u00a0\u00bb background_color_gradient_direction=\u00a0\u00bb90deg\u00a0\u00bb background_color_gradient_stops=\u00a0\u00bbrgba(255,255,255,0.8) 0%|rgba(255,255,255,0) 100%\u00a0\u00bb background_color_gradient_overlays_image=\u00a0\u00bbon\u00a0\u00bb background_image=\u00a0\u00bbhttps:\/\/asesoresdenia.com\/wp-content\/uploads\/2024\/03\/Banner-Asesoria-Laboral-scaled.jpg\u00a0\u00bb custom_padding=\u00a0\u00bb40px||40px||false|false\u00a0\u00bb locked=\u00a0\u00bboff\u00a0\u00bb global_colors_info=\u00a0\u00bb{}\u00a0\u00bb][et_pb_row _builder_version=\u00a0\u00bb4.24.2&Prime; _module_preset=\u00a0\u00bb_initial\u00a0\u00bb global_colors_info=\u00a0\u00bb{}\u00a0\u00bb][et_pb_column type=\u00a0\u00bb4_4&Prime; _builder_version=\u00a0\u00bb4.24.2&Prime; _module_preset=\u00a0\u00bbdefault\u00a0\u00bb global_colors_info=\u00a0\u00bb{}\u00a0\u00bb][et_pb_text _builder_version=\u00a0\u00bb4.24.2&Prime; _module_preset=\u00a0\u00bbdefault\u00a0\u00bb header_font=\u00a0\u00bbRaleway||||||||\u00a0\u00bb header_text_color=\u00a0\u00bb#191919&Prime; custom_margin=\u00a0\u00bb||-12px||false|false\u00a0\u00bb custom_padding=\u00a0\u00bb||||false|false\u00a0\u00bb hover_enabled=\u00a0\u00bb0&Prime; header_font_size_tablet=\u00a0\u00bb\u00a0\u00bb header_font_size_phone=\u00a0\u00bb25px\u00a0\u00bb header_font_size_last_edited=\u00a0\u00bbon|phone\u00a0\u00bb global_colors_info=\u00a0\u00bb{}\u00a0\u00bb sticky_enabled=\u00a0\u00bb0&Prime;]<\/p>\n<h1>Conseil en mati\u00e8re d&#8217;emploi<\/h1>\n<p>[\/et_pb_text][\/et_pb_column][\/et_pb_row][\/et_pb_section][et_pb_section fb_built=\u00a0\u00bb1&Prime; custom_padding_last_edited=\u00a0\u00bbon|phone\u00a0\u00bb _builder_version=\u00a0\u00bb4.24.2&Prime; _module_preset=\u00a0\u00bbdefault\u00a0\u00bb custom_padding=\u00a0\u00bb||80px|||\u00a0\u00bb custom_padding_tablet=\u00a0\u00bb||80px|||\u00a0\u00bb custom_padding_phone=\u00a0\u00bb20px||30px||false|false\u00a0\u00bb locked=\u00a0\u00bboff\u00a0\u00bb global_colors_info=\u00a0\u00bb{}\u00a0\u00bb][et_pb_row column_structure=\u00a0\u00bb1_2,1_2&Prime; _builder_version=\u00a0\u00bb4.24.2&Prime; _module_preset=\u00a0\u00bb_initial\u00a0\u00bb locked=\u00a0\u00bboff\u00a0\u00bb global_colors_info=\u00a0\u00bb{}\u00a0\u00bb][et_pb_column type=\u00a0\u00bb1_2&Prime; _builder_version=\u00a0\u00bb4.24.2&Prime; _module_preset=\u00a0\u00bbdefault\u00a0\u00bb global_colors_info=\u00a0\u00bb{}\u00a0\u00bb][et_pb_text _builder_version=\u00a0\u00bb4.24.2&Prime; _module_preset=\u00a0\u00bbdefault\u00a0\u00bb header_3_font_size=\u00a0\u00bb25px\u00a0\u00bb animation_style=\u00a0\u00bbfade\u00a0\u00bb hover_enabled=\u00a0\u00bb0&Prime; header_3_font_size_tablet=\u00a0\u00bb25px\u00a0\u00bb header_3_font_size_phone=\u00a0\u00bb22px\u00a0\u00bb header_3_font_size_last_edited=\u00a0\u00bbon|phone\u00a0\u00bb global_colors_info=\u00a0\u00bb{}\u00a0\u00bb sticky_enabled=\u00a0\u00bb0&Prime;]<\/p>\n<h3>Nous sommes le d\u00e9partement des ressources humaines de votre entreprise<\/h3>\n<p>[\/et_pb_text][et_pb_divider color=\u00a0\u00bb#752218&Prime; divider_weight=\u00a0\u00bb4px\u00a0\u00bb _builder_version=\u00a0\u00bb4.24.2&Prime; _module_preset=\u00a0\u00bbdefault\u00a0\u00bb width=\u00a0\u00bb50px\u00a0\u00bb custom_margin=\u00a0\u00bb||10px||false|false\u00a0\u00bb animation_style=\u00a0\u00bbfade\u00a0\u00bb animation_delay=\u00a0\u00bb500ms\u00a0\u00bb global_colors_info=\u00a0\u00bb{}\u00a0\u00bb][\/et_pb_divider][et_pb_text _builder_version=\u00a0\u00bb4.24.2&Prime; _module_preset=\u00a0\u00bbdefault\u00a0\u00bb ul_line_height=\u00a0\u00bb2em\u00a0\u00bb hover_enabled=\u00a0\u00bb0&Prime; global_colors_info=\u00a0\u00bb{}\u00a0\u00bb sticky_enabled=\u00a0\u00bb0&Prime;]<\/p>\n<p>Pr\u00e9paration des fiches de paie et des paiements de s\u00e9curit\u00e9 sociale<br \/>Affiliation, enregistrement, radiation et modifications aupr\u00e8s des autorit\u00e9s de s\u00e9curit\u00e9 sociale<br \/>Traitement des indemnit\u00e9s de licenciement<br \/>Information sur la nouvelle l\u00e9gislation en mati\u00e8re de travail<br \/>Pr\u00e9paration des formulaires 110 et 190<br \/>Contrats de travail, prolongations et renouvellements<br \/>Informations et proc\u00e9dures sur les subventions et les aides \u00e0 l&#8217;emploi<br \/>Traitement des prestations de s\u00e9curit\u00e9 sociale<br \/>Inspections du travail<br \/>Inscription au registre des travailleurs ind\u00e9pendants et \u00e0 d&rsquo;autres registres sp\u00e9ciaux<br \/>Conseils en mati\u00e8re de travail et de s\u00e9curit\u00e9 sociale<br \/>Traitement des prestations ; perception de l&rsquo;I.T., travailleurs ind\u00e9pendants, pensions de retraite, veuves, veufs, orphelins&#8230; etc.<\/p>\n<p>[\/et_pb_text][et_pb_button button_url=\u00a0\u00bb\/contacto\u00a0\u00bb button_text=\u00a0\u00bbContactez-nous \u00e0\u00a0\u00bb button_alignment=\u00a0\u00bbleft\u00a0\u00bb _builder_version=\u00a0\u00bb4.24.2&Prime; _module_preset=\u00a0\u00bbdefault\u00a0\u00bb custom_button=\u00a0\u00bbon\u00a0\u00bb button_text_size=\u00a0\u00bb18px\u00a0\u00bb button_text_color=\u00a0\u00bb#FFFFFF\u00a0\u00bb button_bg_color=\u00a0\u00bb#752218&Prime; button_border_width=\u00a0\u00bb0px\u00a0\u00bb button_border_radius=\u00a0\u00bb3px\u00a0\u00bb hover_enabled=\u00a0\u00bb0&Prime; button_text_size_tablet=\u00a0\u00bb18px\u00a0\u00bb button_text_size_phone=\u00a0\u00bb14px\u00a0\u00bb button_text_size_last_edited=\u00a0\u00bbon|phone\u00a0\u00bb global_colors_info=\u00a0\u00bb{}\u00a0\u00bb sticky_enabled=\u00a0\u00bb0&Prime;][\/et_pb_button][\/et_pb_column][et_pb_column type=\u00a0\u00bb1_2&Prime; _builder_version=\u00a0\u00bb4.24.2&Prime; _module_preset=\u00a0\u00bbdefault\u00a0\u00bb global_colors_info=\u00a0\u00bb{}\u00a0\u00bb][et_pb_image src=\u00a0\u00bbhttps:\/\/asesoresdenia.com\/wp-content\/uploads\/2024\/03\/Asesoria-Laboral.jpg\u00a0\u00bb title_text=\u00a0\u00bbAsesor\u00eda Laboral\u00a0\u00bb _builder_version=\u00a0\u00bb4.24.2&Prime; _module_preset=\u00a0\u00bbdefault\u00a0\u00bb custom_margin=\u00a0\u00bb||||false|false\u00a0\u00bb custom_margin_tablet=\u00a0\u00bb30px||||false|false\u00a0\u00bb custom_margin_phone=\u00a0\u00bb30px||||false|false\u00a0\u00bb custom_margin_last_edited=\u00a0\u00bbon|phone\u00a0\u00bb global_colors_info=\u00a0\u00bb{}\u00a0\u00bb][\/et_pb_image][\/et_pb_column][\/et_pb_row][\/et_pb_section]<\/p>\n","protected":false},"excerpt":{"rendered":"<p>Conseil en mati\u00e8re d&#8217;emploiNous sommes le d\u00e9partement des ressources humaines de votre entreprisePr\u00e9paration des fiches de paie et des paiements de s\u00e9curit\u00e9 socialeAffiliation, enregistrement, radiation et modifications aupr\u00e8s des autorit\u00e9s de s\u00e9curit\u00e9 socialeTraitement des indemnit\u00e9s de licenciementInformation sur la nouvelle l\u00e9gislation en mati\u00e8re de travailPr\u00e9paration des formulaires 110 et 190Contrats de travail, prolongations et renouvellementsInformations [&hellip;]<\/p>\n","protected":false},"author":1,"featured_media":0,"parent":1191,"menu_order":0,"comment_status":"closed","ping_status":"closed","template":"","meta":{"_et_pb_use_builder":"on","_et_pb_old_content":"","_et_gb_content_width":"","footnotes":""},"class_list":["post-1212","page","type-page","status-publish","hentry"],"yoast_head":"<!-- This site is optimized with the Yoast SEO plugin v25.6 - https:\/\/yoast.com\/wordpress\/plugins\/seo\/ -->\n<title>Conseils en Emploi - Coasde, S.L.<\/title>\n<meta name=\"robots\" content=\"index, follow, max-snippet:-1, max-image-preview:large, max-video-preview:-1\" \/>\n<link rel=\"canonical\" href=\"https:\/\/asesoresdenia.com\/fr\/services\/conseils-en-emploi\/\" \/>\n<meta property=\"og:locale\" content=\"fr_FR\" \/>\n<meta property=\"og:type\" content=\"article\" \/>\n<meta property=\"og:title\" content=\"Conseils en Emploi - Coasde, S.L.\" \/>\n<meta property=\"og:description\" content=\"Conseil en mati\u00e8re d&#039;emploiNous sommes le d\u00e9partement des ressources humaines de votre entreprisePr\u00e9paration des fiches de paie et des paiements de s\u00e9curit\u00e9 socialeAffiliation, enregistrement, radiation et modifications aupr\u00e8s des autorit\u00e9s de s\u00e9curit\u00e9 socialeTraitement des indemnit\u00e9s de licenciementInformation sur la nouvelle l\u00e9gislation en mati\u00e8re de travailPr\u00e9paration des formulaires 110 et 190Contrats de travail, prolongations et renouvellementsInformations [&hellip;]\" \/>\n<meta property=\"og:url\" content=\"https:\/\/asesoresdenia.com\/fr\/services\/conseils-en-emploi\/\" \/>\n<meta property=\"og:site_name\" content=\"Coasde, S.L.\" \/>\n<meta property=\"article:modified_time\" content=\"2024-04-12T08:44:41+00:00\" \/>\n<meta name=\"twitter:card\" content=\"summary_large_image\" \/>\n<meta name=\"twitter:label1\" content=\"Dur\u00e9e de lecture estim\u00e9e\" \/>\n\t<meta name=\"twitter:data1\" content=\"3 minutes\" \/>\n<script type=\"application\/ld+json\" class=\"yoast-schema-graph\">{\"@context\":\"https:\/\/schema.org\",\"@graph\":[{\"@type\":\"WebPage\",\"@id\":\"https:\/\/asesoresdenia.com\/fr\/services\/conseils-en-emploi\/\",\"url\":\"https:\/\/asesoresdenia.com\/fr\/services\/conseils-en-emploi\/\",\"name\":\"Conseils en Emploi - Coasde, S.L.\",\"isPartOf\":{\"@id\":\"https:\/\/asesoresdenia.com\/fr\/#website\"},\"datePublished\":\"2024-03-31T19:15:54+00:00\",\"dateModified\":\"2024-04-12T08:44:41+00:00\",\"breadcrumb\":{\"@id\":\"https:\/\/asesoresdenia.com\/fr\/services\/conseils-en-emploi\/#breadcrumb\"},\"inLanguage\":\"fr-FR\",\"potentialAction\":[{\"@type\":\"ReadAction\",\"target\":[\"https:\/\/asesoresdenia.com\/fr\/services\/conseils-en-emploi\/\"]}]},{\"@type\":\"BreadcrumbList\",\"@id\":\"https:\/\/asesoresdenia.com\/fr\/services\/conseils-en-emploi\/#breadcrumb\",\"itemListElement\":[{\"@type\":\"ListItem\",\"position\":1,\"name\":\"Portada\",\"item\":\"https:\/\/asesoresdenia.com\/fr\/\"},{\"@type\":\"ListItem\",\"position\":2,\"name\":\"Services\",\"item\":\"https:\/\/asesoresdenia.com\/fr\/services\/\"},{\"@type\":\"ListItem\",\"position\":3,\"name\":\"Conseils en Emploi\"}]},{\"@type\":\"WebSite\",\"@id\":\"https:\/\/asesoresdenia.com\/fr\/#website\",\"url\":\"https:\/\/asesoresdenia.com\/fr\/\",\"name\":\"Coasde, S.L.\",\"description\":\"Consulting \u2022 Asesores \u2022 Denia\",\"publisher\":{\"@id\":\"https:\/\/asesoresdenia.com\/fr\/#organization\"},\"potentialAction\":[{\"@type\":\"SearchAction\",\"target\":{\"@type\":\"EntryPoint\",\"urlTemplate\":\"https:\/\/asesoresdenia.com\/fr\/?s={search_term_string}\"},\"query-input\":{\"@type\":\"PropertyValueSpecification\",\"valueRequired\":true,\"valueName\":\"search_term_string\"}}],\"inLanguage\":\"fr-FR\"},{\"@type\":\"Organization\",\"@id\":\"https:\/\/asesoresdenia.com\/fr\/#organization\",\"name\":\"Coasde, S.L.\",\"url\":\"https:\/\/asesoresdenia.com\/fr\/\",\"logo\":{\"@type\":\"ImageObject\",\"inLanguage\":\"fr-FR\",\"@id\":\"https:\/\/asesoresdenia.com\/fr\/#\/schema\/logo\/image\/\",\"url\":\"https:\/\/asesoresdenia.com\/wp-content\/uploads\/2022\/10\/Logo-96x19-1.png\",\"contentUrl\":\"https:\/\/asesoresdenia.com\/wp-content\/uploads\/2022\/10\/Logo-96x19-1.png\",\"width\":96,\"height\":19,\"caption\":\"Coasde, S.L.\"},\"image\":{\"@id\":\"https:\/\/asesoresdenia.com\/fr\/#\/schema\/logo\/image\/\"}}]}<\/script>\n<!-- \/ Yoast SEO plugin. -->","yoast_head_json":{"title":"Conseils en Emploi - Coasde, S.L.","robots":{"index":"index","follow":"follow","max-snippet":"max-snippet:-1","max-image-preview":"max-image-preview:large","max-video-preview":"max-video-preview:-1"},"canonical":"https:\/\/asesoresdenia.com\/fr\/services\/conseils-en-emploi\/","og_locale":"fr_FR","og_type":"article","og_title":"Conseils en Emploi - Coasde, S.L.","og_description":"Conseil en mati\u00e8re d'emploiNous sommes le d\u00e9partement des ressources humaines de votre entreprisePr\u00e9paration des fiches de paie et des paiements de s\u00e9curit\u00e9 socialeAffiliation, enregistrement, radiation et modifications aupr\u00e8s des autorit\u00e9s de s\u00e9curit\u00e9 socialeTraitement des indemnit\u00e9s de licenciementInformation sur la nouvelle l\u00e9gislation en mati\u00e8re de travailPr\u00e9paration des formulaires 110 et 190Contrats de travail, prolongations et renouvellementsInformations [&hellip;]","og_url":"https:\/\/asesoresdenia.com\/fr\/services\/conseils-en-emploi\/","og_site_name":"Coasde, S.L.","article_modified_time":"2024-04-12T08:44:41+00:00","twitter_card":"summary_large_image","twitter_misc":{"Dur\u00e9e de lecture estim\u00e9e":"3 minutes"},"schema":{"@context":"https:\/\/schema.org","@graph":[{"@type":"WebPage","@id":"https:\/\/asesoresdenia.com\/fr\/services\/conseils-en-emploi\/","url":"https:\/\/asesoresdenia.com\/fr\/services\/conseils-en-emploi\/","name":"Conseils en Emploi - Coasde, S.L.","isPartOf":{"@id":"https:\/\/asesoresdenia.com\/fr\/#website"},"datePublished":"2024-03-31T19:15:54+00:00","dateModified":"2024-04-12T08:44:41+00:00","breadcrumb":{"@id":"https:\/\/asesoresdenia.com\/fr\/services\/conseils-en-emploi\/#breadcrumb"},"inLanguage":"fr-FR","potentialAction":[{"@type":"ReadAction","target":["https:\/\/asesoresdenia.com\/fr\/services\/conseils-en-emploi\/"]}]},{"@type":"BreadcrumbList","@id":"https:\/\/asesoresdenia.com\/fr\/services\/conseils-en-emploi\/#breadcrumb","itemListElement":[{"@type":"ListItem","position":1,"name":"Portada","item":"https:\/\/asesoresdenia.com\/fr\/"},{"@type":"ListItem","position":2,"name":"Services","item":"https:\/\/asesoresdenia.com\/fr\/services\/"},{"@type":"ListItem","position":3,"name":"Conseils en Emploi"}]},{"@type":"WebSite","@id":"https:\/\/asesoresdenia.com\/fr\/#website","url":"https:\/\/asesoresdenia.com\/fr\/","name":"Coasde, S.L.","description":"Consulting \u2022 Asesores \u2022 Denia","publisher":{"@id":"https:\/\/asesoresdenia.com\/fr\/#organization"},"potentialAction":[{"@type":"SearchAction","target":{"@type":"EntryPoint","urlTemplate":"https:\/\/asesoresdenia.com\/fr\/?s={search_term_string}"},"query-input":{"@type":"PropertyValueSpecification","valueRequired":true,"valueName":"search_term_string"}}],"inLanguage":"fr-FR"},{"@type":"Organization","@id":"https:\/\/asesoresdenia.com\/fr\/#organization","name":"Coasde, S.L.","url":"https:\/\/asesoresdenia.com\/fr\/","logo":{"@type":"ImageObject","inLanguage":"fr-FR","@id":"https:\/\/asesoresdenia.com\/fr\/#\/schema\/logo\/image\/","url":"https:\/\/asesoresdenia.com\/wp-content\/uploads\/2022\/10\/Logo-96x19-1.png","contentUrl":"https:\/\/asesoresdenia.com\/wp-content\/uploads\/2022\/10\/Logo-96x19-1.png","width":96,"height":19,"caption":"Coasde, S.L."},"image":{"@id":"https:\/\/asesoresdenia.com\/fr\/#\/schema\/logo\/image\/"}}]}},"_links":{"self":[{"href":"https:\/\/asesoresdenia.com\/fr\/wp-json\/wp\/v2\/pages\/1212"}],"collection":[{"href":"https:\/\/asesoresdenia.com\/fr\/wp-json\/wp\/v2\/pages"}],"about":[{"href":"https:\/\/asesoresdenia.com\/fr\/wp-json\/wp\/v2\/types\/page"}],"author":[{"embeddable":true,"href":"https:\/\/asesoresdenia.com\/fr\/wp-json\/wp\/v2\/users\/1"}],"replies":[{"embeddable":true,"href":"https:\/\/asesoresdenia.com\/fr\/wp-json\/wp\/v2\/comments?post=1212"}],"version-history":[{"count":3,"href":"https:\/\/asesoresdenia.com\/fr\/wp-json\/wp\/v2\/pages\/1212\/revisions"}],"predecessor-version":[{"id":1428,"href":"https:\/\/asesoresdenia.com\/fr\/wp-json\/wp\/v2\/pages\/1212\/revisions\/1428"}],"up":[{"embeddable":true,"href":"https:\/\/asesoresdenia.com\/fr\/wp-json\/wp\/v2\/pages\/1191"}],"wp:attachment":[{"href":"https:\/\/asesoresdenia.com\/fr\/wp-json\/wp\/v2\/media?parent=1212"}],"curies":[{"name":"wp","href":"https:\/\/api.w.org\/{rel}","templated":true}]}}