{"id":1339,"date":"2024-04-02T11:23:49","date_gmt":"2024-04-02T09:23:49","guid":{"rendered":"https:\/\/asesoresdenia.com\/?page_id=1339"},"modified":"2024-04-12T11:15:25","modified_gmt":"2024-04-12T09:15:25","slug":"accessibilite","status":"publish","type":"page","link":"https:\/\/asesoresdenia.com\/fr\/accessibilite\/","title":{"rendered":"Accessibilit\u00e9"},"content":{"rendered":"<p>[et_pb_section fb_built=\u00a0\u00bb1&Prime; _builder_version=\u00a0\u00bb4.24.2&Prime; _module_preset=\u00a0\u00bbdefault\u00a0\u00bb global_colors_info=\u00a0\u00bb{}\u00a0\u00bb][et_pb_row _builder_version=\u00a0\u00bb4.24.2&Prime; _module_preset=\u00a0\u00bb_initial\u00a0\u00bb global_colors_info=\u00a0\u00bb{}\u00a0\u00bb][et_pb_column type=\u00a0\u00bb4_4&Prime; _builder_version=\u00a0\u00bb4.24.2&Prime; _module_preset=\u00a0\u00bbdefault\u00a0\u00bb global_colors_info=\u00a0\u00bb{}\u00a0\u00bb][et_pb_text _builder_version=\u00a0\u00bb4.24.2&Prime; _module_preset=\u00a0\u00bbdefault\u00a0\u00bb global_colors_info=\u00a0\u00bb{}\u00a0\u00bb]<\/p>\n<h1>Accessibilit\u00e9<\/h1>\n<p>[\/et_pb_text][et_pb_text _builder_version=\u00a0\u00bb4.24.2&Prime; _module_preset=\u00a0\u00bbdefault\u00a0\u00bb hover_enabled=\u00a0\u00bb0&Prime; global_colors_info=\u00a0\u00bb{}\u00a0\u00bb sticky_enabled=\u00a0\u00bb0&Prime;]<\/p>\n<p>Accessibilit\u00e9<br \/>CONSULTING ASESORES DENIA, S.L. s&rsquo;engage \u00e0 rendre son site Web accessible, conform\u00e9ment au RD 1112\/2018.<\/p>\n<p>Cette d\u00e9claration d&rsquo;accessibilit\u00e9 s&rsquo;applique au site web https:\/\/asesoresdenia.com\/.<\/p>\n<p>Ce site web est enti\u00e8rement conforme au RD 1112\/2018.<\/p>\n<p>Pr\u00e9paration de cette d\u00e9claration d&rsquo;accessibilit\u00e9<br \/>Cette d\u00e9claration a \u00e9t\u00e9 pr\u00e9par\u00e9e le 05 avril 2024.<\/p>\n<p>Une auto-\u00e9valuation r\u00e9alis\u00e9e par le d\u00e9veloppeur web.<\/p>\n<p>Derni\u00e8re r\u00e9vision de la d\u00e9claration : 05 avril 2024.<\/p>\n<p>Commentaires et coordonn\u00e9es Communications sur les exigences d&rsquo;accessibilit\u00e9 : m\u00e9canisme de communication \u00e0 utiliser pour informer CONSULTING ASESORES DENIA, S.L de tout non-respect des exigences d&rsquo;accessibilit\u00e9 et pour demander des informations et des contenus exclus du champ d&rsquo;application de la directive : info@asesoresdenia.com.<\/p>\n<p>Proc\u00e9dure de demande<\/p>\n<p>Proc\u00e9dure de plainte : La proc\u00e9dure de demande \u00e0 utiliser dans le cas o\u00f9 la r\u00e9ponse \u00e0 la notification ou \u00e0 la demande n&rsquo;est pas satisfaisante, conform\u00e9ment \u00e0 l&rsquo;article 7, paragraphe 1, point b), de la directive, est de contacter le +34 966 42 1515.<\/p>\n<p>[\/et_pb_text][\/et_pb_column][\/et_pb_row][\/et_pb_section]<\/p>\n","protected":false},"excerpt":{"rendered":"<p>Accessibilit\u00e9Accessibilit\u00e9CONSULTING ASESORES DENIA, S.L. s&rsquo;engage \u00e0 rendre son site Web accessible, conform\u00e9ment au RD 1112\/2018. Cette d\u00e9claration d&rsquo;accessibilit\u00e9 s&rsquo;applique au site web https:\/\/asesoresdenia.com\/. Ce site web est enti\u00e8rement conforme au RD 1112\/2018. Pr\u00e9paration de cette d\u00e9claration d&rsquo;accessibilit\u00e9Cette d\u00e9claration a \u00e9t\u00e9 pr\u00e9par\u00e9e le 05 avril 2024. Une auto-\u00e9valuation r\u00e9alis\u00e9e par le d\u00e9veloppeur web. Derni\u00e8re r\u00e9vision de [&hellip;]<\/p>\n","protected":false},"author":1,"featured_media":0,"parent":0,"menu_order":0,"comment_status":"closed","ping_status":"closed","template":"","meta":{"_et_pb_use_builder":"on","_et_pb_old_content":"","_et_gb_content_width":"","footnotes":""},"class_list":["post-1339","page","type-page","status-publish","hentry"],"yoast_head":"<!-- This site is optimized with the Yoast SEO plugin v25.6 - https:\/\/yoast.com\/wordpress\/plugins\/seo\/ -->\n<title>Accessibilit\u00e9 - Coasde, S.L.<\/title>\n<meta name=\"robots\" content=\"index, follow, max-snippet:-1, max-image-preview:large, max-video-preview:-1\" \/>\n<link rel=\"canonical\" href=\"https:\/\/asesoresdenia.com\/fr\/accessibilite\/\" \/>\n<meta property=\"og:locale\" content=\"fr_FR\" \/>\n<meta property=\"og:type\" content=\"article\" \/>\n<meta property=\"og:title\" content=\"Accessibilit\u00e9 - Coasde, S.L.\" \/>\n<meta property=\"og:description\" content=\"Accessibilit\u00e9Accessibilit\u00e9CONSULTING ASESORES DENIA, S.L. s&#039;engage \u00e0 rendre son site Web accessible, conform\u00e9ment au RD 1112\/2018. Cette d\u00e9claration d&#039;accessibilit\u00e9 s&#039;applique au site web https:\/\/asesoresdenia.com\/. Ce site web est enti\u00e8rement conforme au RD 1112\/2018. Pr\u00e9paration de cette d\u00e9claration d&#039;accessibilit\u00e9Cette d\u00e9claration a \u00e9t\u00e9 pr\u00e9par\u00e9e le 05 avril 2024. Une auto-\u00e9valuation r\u00e9alis\u00e9e par le d\u00e9veloppeur web. Derni\u00e8re r\u00e9vision de [&hellip;]\" \/>\n<meta property=\"og:url\" content=\"https:\/\/asesoresdenia.com\/fr\/accessibilite\/\" \/>\n<meta property=\"og:site_name\" content=\"Coasde, S.L.\" \/>\n<meta property=\"article:modified_time\" content=\"2024-04-12T09:15:25+00:00\" \/>\n<meta name=\"twitter:card\" content=\"summary_large_image\" \/>\n<meta name=\"twitter:label1\" content=\"Dur\u00e9e de lecture estim\u00e9e\" \/>\n\t<meta name=\"twitter:data1\" content=\"1 minute\" \/>\n<script type=\"application\/ld+json\" class=\"yoast-schema-graph\">{\"@context\":\"https:\/\/schema.org\",\"@graph\":[{\"@type\":\"WebPage\",\"@id\":\"https:\/\/asesoresdenia.com\/fr\/accessibilite\/\",\"url\":\"https:\/\/asesoresdenia.com\/fr\/accessibilite\/\",\"name\":\"Accessibilit\u00e9 - Coasde, S.L.\",\"isPartOf\":{\"@id\":\"https:\/\/asesoresdenia.com\/fr\/#website\"},\"datePublished\":\"2024-04-02T09:23:49+00:00\",\"dateModified\":\"2024-04-12T09:15:25+00:00\",\"breadcrumb\":{\"@id\":\"https:\/\/asesoresdenia.com\/fr\/accessibilite\/#breadcrumb\"},\"inLanguage\":\"fr-FR\",\"potentialAction\":[{\"@type\":\"ReadAction\",\"target\":[\"https:\/\/asesoresdenia.com\/fr\/accessibilite\/\"]}]},{\"@type\":\"BreadcrumbList\",\"@id\":\"https:\/\/asesoresdenia.com\/fr\/accessibilite\/#breadcrumb\",\"itemListElement\":[{\"@type\":\"ListItem\",\"position\":1,\"name\":\"Portada\",\"item\":\"https:\/\/asesoresdenia.com\/fr\/\"},{\"@type\":\"ListItem\",\"position\":2,\"name\":\"Accessibilit\u00e9\"}]},{\"@type\":\"WebSite\",\"@id\":\"https:\/\/asesoresdenia.com\/fr\/#website\",\"url\":\"https:\/\/asesoresdenia.com\/fr\/\",\"name\":\"Coasde, S.L.\",\"description\":\"Consulting \u2022 Asesores \u2022 Denia\",\"publisher\":{\"@id\":\"https:\/\/asesoresdenia.com\/fr\/#organization\"},\"potentialAction\":[{\"@type\":\"SearchAction\",\"target\":{\"@type\":\"EntryPoint\",\"urlTemplate\":\"https:\/\/asesoresdenia.com\/fr\/?s={search_term_string}\"},\"query-input\":{\"@type\":\"PropertyValueSpecification\",\"valueRequired\":true,\"valueName\":\"search_term_string\"}}],\"inLanguage\":\"fr-FR\"},{\"@type\":\"Organization\",\"@id\":\"https:\/\/asesoresdenia.com\/fr\/#organization\",\"name\":\"Coasde, S.L.\",\"url\":\"https:\/\/asesoresdenia.com\/fr\/\",\"logo\":{\"@type\":\"ImageObject\",\"inLanguage\":\"fr-FR\",\"@id\":\"https:\/\/asesoresdenia.com\/fr\/#\/schema\/logo\/image\/\",\"url\":\"https:\/\/asesoresdenia.com\/wp-content\/uploads\/2022\/10\/Logo-96x19-1.png\",\"contentUrl\":\"https:\/\/asesoresdenia.com\/wp-content\/uploads\/2022\/10\/Logo-96x19-1.png\",\"width\":96,\"height\":19,\"caption\":\"Coasde, S.L.\"},\"image\":{\"@id\":\"https:\/\/asesoresdenia.com\/fr\/#\/schema\/logo\/image\/\"}}]}<\/script>\n<!-- \/ Yoast SEO plugin. -->","yoast_head_json":{"title":"Accessibilit\u00e9 - Coasde, S.L.","robots":{"index":"index","follow":"follow","max-snippet":"max-snippet:-1","max-image-preview":"max-image-preview:large","max-video-preview":"max-video-preview:-1"},"canonical":"https:\/\/asesoresdenia.com\/fr\/accessibilite\/","og_locale":"fr_FR","og_type":"article","og_title":"Accessibilit\u00e9 - Coasde, S.L.","og_description":"Accessibilit\u00e9Accessibilit\u00e9CONSULTING ASESORES DENIA, S.L. s'engage \u00e0 rendre son site Web accessible, conform\u00e9ment au RD 1112\/2018. Cette d\u00e9claration d'accessibilit\u00e9 s'applique au site web https:\/\/asesoresdenia.com\/. Ce site web est enti\u00e8rement conforme au RD 1112\/2018. Pr\u00e9paration de cette d\u00e9claration d'accessibilit\u00e9Cette d\u00e9claration a \u00e9t\u00e9 pr\u00e9par\u00e9e le 05 avril 2024. Une auto-\u00e9valuation r\u00e9alis\u00e9e par le d\u00e9veloppeur web. Derni\u00e8re r\u00e9vision de [&hellip;]","og_url":"https:\/\/asesoresdenia.com\/fr\/accessibilite\/","og_site_name":"Coasde, S.L.","article_modified_time":"2024-04-12T09:15:25+00:00","twitter_card":"summary_large_image","twitter_misc":{"Dur\u00e9e de lecture estim\u00e9e":"1 minute"},"schema":{"@context":"https:\/\/schema.org","@graph":[{"@type":"WebPage","@id":"https:\/\/asesoresdenia.com\/fr\/accessibilite\/","url":"https:\/\/asesoresdenia.com\/fr\/accessibilite\/","name":"Accessibilit\u00e9 - Coasde, S.L.","isPartOf":{"@id":"https:\/\/asesoresdenia.com\/fr\/#website"},"datePublished":"2024-04-02T09:23:49+00:00","dateModified":"2024-04-12T09:15:25+00:00","breadcrumb":{"@id":"https:\/\/asesoresdenia.com\/fr\/accessibilite\/#breadcrumb"},"inLanguage":"fr-FR","potentialAction":[{"@type":"ReadAction","target":["https:\/\/asesoresdenia.com\/fr\/accessibilite\/"]}]},{"@type":"BreadcrumbList","@id":"https:\/\/asesoresdenia.com\/fr\/accessibilite\/#breadcrumb","itemListElement":[{"@type":"ListItem","position":1,"name":"Portada","item":"https:\/\/asesoresdenia.com\/fr\/"},{"@type":"ListItem","position":2,"name":"Accessibilit\u00e9"}]},{"@type":"WebSite","@id":"https:\/\/asesoresdenia.com\/fr\/#website","url":"https:\/\/asesoresdenia.com\/fr\/","name":"Coasde, S.L.","description":"Consulting \u2022 Asesores \u2022 Denia","publisher":{"@id":"https:\/\/asesoresdenia.com\/fr\/#organization"},"potentialAction":[{"@type":"SearchAction","target":{"@type":"EntryPoint","urlTemplate":"https:\/\/asesoresdenia.com\/fr\/?s={search_term_string}"},"query-input":{"@type":"PropertyValueSpecification","valueRequired":true,"valueName":"search_term_string"}}],"inLanguage":"fr-FR"},{"@type":"Organization","@id":"https:\/\/asesoresdenia.com\/fr\/#organization","name":"Coasde, S.L.","url":"https:\/\/asesoresdenia.com\/fr\/","logo":{"@type":"ImageObject","inLanguage":"fr-FR","@id":"https:\/\/asesoresdenia.com\/fr\/#\/schema\/logo\/image\/","url":"https:\/\/asesoresdenia.com\/wp-content\/uploads\/2022\/10\/Logo-96x19-1.png","contentUrl":"https:\/\/asesoresdenia.com\/wp-content\/uploads\/2022\/10\/Logo-96x19-1.png","width":96,"height":19,"caption":"Coasde, S.L."},"image":{"@id":"https:\/\/asesoresdenia.com\/fr\/#\/schema\/logo\/image\/"}}]}},"_links":{"self":[{"href":"https:\/\/asesoresdenia.com\/fr\/wp-json\/wp\/v2\/pages\/1339"}],"collection":[{"href":"https:\/\/asesoresdenia.com\/fr\/wp-json\/wp\/v2\/pages"}],"about":[{"href":"https:\/\/asesoresdenia.com\/fr\/wp-json\/wp\/v2\/types\/page"}],"author":[{"embeddable":true,"href":"https:\/\/asesoresdenia.com\/fr\/wp-json\/wp\/v2\/users\/1"}],"replies":[{"embeddable":true,"href":"https:\/\/asesoresdenia.com\/fr\/wp-json\/wp\/v2\/comments?post=1339"}],"version-history":[{"count":4,"href":"https:\/\/asesoresdenia.com\/fr\/wp-json\/wp\/v2\/pages\/1339\/revisions"}],"predecessor-version":[{"id":1459,"href":"https:\/\/asesoresdenia.com\/fr\/wp-json\/wp\/v2\/pages\/1339\/revisions\/1459"}],"wp:attachment":[{"href":"https:\/\/asesoresdenia.com\/fr\/wp-json\/wp\/v2\/media?parent=1339"}],"curies":[{"name":"wp","href":"https:\/\/api.w.org\/{rel}","templated":true}]}}