{"id":1346,"date":"2024-04-02T11:26:33","date_gmt":"2024-04-02T09:26:33","guid":{"rendered":"https:\/\/asesoresdenia.com\/?page_id=1346"},"modified":"2024-04-12T11:17:09","modified_gmt":"2024-04-12T09:17:09","slug":"avis-juridique","status":"publish","type":"page","link":"https:\/\/asesoresdenia.com\/fr\/avis-juridique\/","title":{"rendered":"Avis juridique"},"content":{"rendered":"<p>[et_pb_section fb_built=\u00a0\u00bb1&Prime; _builder_version=\u00a0\u00bb4.24.2&Prime; _module_preset=\u00a0\u00bbdefault\u00a0\u00bb global_colors_info=\u00a0\u00bb{}\u00a0\u00bb][et_pb_row _builder_version=\u00a0\u00bb4.24.2&Prime; _module_preset=\u00a0\u00bb_initial\u00a0\u00bb global_colors_info=\u00a0\u00bb{}\u00a0\u00bb][et_pb_column type=\u00a0\u00bb4_4&Prime; _builder_version=\u00a0\u00bb4.24.2&Prime; _module_preset=\u00a0\u00bbdefault\u00a0\u00bb global_colors_info=\u00a0\u00bb{}\u00a0\u00bb][et_pb_text _builder_version=\u00a0\u00bb4.24.2&Prime; _module_preset=\u00a0\u00bbdefault\u00a0\u00bb global_colors_info=\u00a0\u00bb{}\u00a0\u00bb]<\/p>\n<h1>Avis juridique<\/h1>\n<p>[\/et_pb_text][et_pb_text _builder_version=\u00a0\u00bb4.24.2&Prime; _module_preset=\u00a0\u00bbdefault\u00a0\u00bb hover_enabled=\u00a0\u00bb0&Prime; global_colors_info=\u00a0\u00bb{}\u00a0\u00bb sticky_enabled=\u00a0\u00bb0&Prime;]<\/p>\n<p>Avis juridique<\/p>\n<p>CONSULTING ASESORES DENIA SL<br \/>NUM\u00c9RO DE TVA : B03886413<br \/>Adresse : CALLE LA MAR, 7 &#8211; 1 2 1<br \/>Courriel : info@asesoresdenia.com<\/p>\n<p>Propri\u00e9t\u00e9 intellectuelle et industrielle<br \/>Tous les droits de propri\u00e9t\u00e9 intellectuelle et industrielle du site et de son contenu, y compris, mais sans s&rsquo;y limiter, les textes, les images, les graphiques, les logos, les ic\u00f4nes, les fichiers audio, les t\u00e9l\u00e9chargements num\u00e9riques et les compilations de donn\u00e9es, sont la propri\u00e9t\u00e9 de CONSULTING ASESORES DENIA SL ou de ses conc\u00e9dants de licence et sont prot\u00e9g\u00e9s par les lois applicables en mati\u00e8re de propri\u00e9t\u00e9 intellectuelle et industrielle. Toute utilisation non autoris\u00e9e, y compris la reproduction, la distribution, la transmission ou la modification du contenu sans l&rsquo;accord \u00e9crit pr\u00e9alable de CONSULTING ASESORES DENIA SL est interdite.<\/p>\n<p>Limitation de la responsabilit\u00e9<br \/>CONSULTING ASESORES DENIA SL ne peut \u00eatre tenu responsable des dommages directs, indirects, accessoires, sp\u00e9ciaux, cons\u00e9cutifs ou punitifs r\u00e9sultant de l&rsquo;utilisation ou de l&rsquo;impossibilit\u00e9 d&rsquo;utiliser le site. Cela inclut, sans s&rsquo;y limiter, la perte de profits, de donn\u00e9es, de r\u00e9putation ou tout autre dommage immat\u00e9riel, ainsi que tout dommage physique ou mat\u00e9riel pouvant survenir. CONSULTING ASESORES DENIA SL n&rsquo;est pas non plus responsable des interruptions d&rsquo;acc\u00e8s au site, des pertes d&rsquo;informations, des virus informatiques ou de toute autre anomalie technique pouvant survenir en rapport avec l&rsquo;utilisation du site.<\/p>\n<p>L&rsquo;utilisation du site se fait sous la seule responsabilit\u00e9 de l&rsquo;utilisateur, qui s&rsquo;engage \u00e0 l&rsquo;utiliser conform\u00e9ment \u00e0 la loi applicable et aux pr\u00e9sentes conditions g\u00e9n\u00e9rales.<\/p>\n<p>Pour toute question ou pr\u00e9cision concernant les pr\u00e9sentes mentions l\u00e9gales, n&rsquo;h\u00e9sitez pas \u00e0 nous contacter \u00e0 l&rsquo;adresse \u00e9lectronique fournie.<\/p>\n<p>&nbsp;<\/p>\n<p>[\/et_pb_text][\/et_pb_column][\/et_pb_row][\/et_pb_section]<\/p>\n","protected":false},"excerpt":{"rendered":"<p>Avis juridiqueAvis juridique CONSULTING ASESORES DENIA SLNUM\u00c9RO DE TVA : B03886413Adresse : CALLE LA MAR, 7 &#8211; 1 2 1Courriel : info@asesoresdenia.com Propri\u00e9t\u00e9 intellectuelle et industrielleTous les droits de propri\u00e9t\u00e9 intellectuelle et industrielle du site et de son contenu, y compris, mais sans s&rsquo;y limiter, les textes, les images, les graphiques, les logos, les ic\u00f4nes, [&hellip;]<\/p>\n","protected":false},"author":1,"featured_media":0,"parent":0,"menu_order":0,"comment_status":"closed","ping_status":"closed","template":"","meta":{"_et_pb_use_builder":"on","_et_pb_old_content":"","_et_gb_content_width":"","footnotes":""},"class_list":["post-1346","page","type-page","status-publish","hentry"],"yoast_head":"<!-- This site is optimized with the Yoast SEO plugin v25.6 - https:\/\/yoast.com\/wordpress\/plugins\/seo\/ -->\n<title>Avis juridique - Coasde, S.L.<\/title>\n<meta name=\"robots\" content=\"index, follow, max-snippet:-1, max-image-preview:large, max-video-preview:-1\" \/>\n<link rel=\"canonical\" href=\"https:\/\/asesoresdenia.com\/fr\/avis-juridique\/\" \/>\n<meta property=\"og:locale\" content=\"fr_FR\" \/>\n<meta property=\"og:type\" content=\"article\" \/>\n<meta property=\"og:title\" content=\"Avis juridique - Coasde, S.L.\" \/>\n<meta property=\"og:description\" content=\"Avis juridiqueAvis juridique CONSULTING ASESORES DENIA SLNUM\u00c9RO DE TVA : B03886413Adresse : CALLE LA MAR, 7 - 1 2 1Courriel : info@asesoresdenia.com Propri\u00e9t\u00e9 intellectuelle et industrielleTous les droits de propri\u00e9t\u00e9 intellectuelle et industrielle du site et de son contenu, y compris, mais sans s&#039;y limiter, les textes, les images, les graphiques, les logos, les ic\u00f4nes, [&hellip;]\" \/>\n<meta property=\"og:url\" content=\"https:\/\/asesoresdenia.com\/fr\/avis-juridique\/\" \/>\n<meta property=\"og:site_name\" content=\"Coasde, S.L.\" \/>\n<meta property=\"article:modified_time\" content=\"2024-04-12T09:17:09+00:00\" \/>\n<meta name=\"twitter:card\" content=\"summary_large_image\" \/>\n<meta name=\"twitter:label1\" content=\"Dur\u00e9e de lecture estim\u00e9e\" \/>\n\t<meta name=\"twitter:data1\" content=\"2 minutes\" \/>\n<script type=\"application\/ld+json\" class=\"yoast-schema-graph\">{\"@context\":\"https:\/\/schema.org\",\"@graph\":[{\"@type\":\"WebPage\",\"@id\":\"https:\/\/asesoresdenia.com\/fr\/avis-juridique\/\",\"url\":\"https:\/\/asesoresdenia.com\/fr\/avis-juridique\/\",\"name\":\"Avis juridique - Coasde, S.L.\",\"isPartOf\":{\"@id\":\"https:\/\/asesoresdenia.com\/fr\/#website\"},\"datePublished\":\"2024-04-02T09:26:33+00:00\",\"dateModified\":\"2024-04-12T09:17:09+00:00\",\"breadcrumb\":{\"@id\":\"https:\/\/asesoresdenia.com\/fr\/avis-juridique\/#breadcrumb\"},\"inLanguage\":\"fr-FR\",\"potentialAction\":[{\"@type\":\"ReadAction\",\"target\":[\"https:\/\/asesoresdenia.com\/fr\/avis-juridique\/\"]}]},{\"@type\":\"BreadcrumbList\",\"@id\":\"https:\/\/asesoresdenia.com\/fr\/avis-juridique\/#breadcrumb\",\"itemListElement\":[{\"@type\":\"ListItem\",\"position\":1,\"name\":\"Portada\",\"item\":\"https:\/\/asesoresdenia.com\/fr\/\"},{\"@type\":\"ListItem\",\"position\":2,\"name\":\"Avis juridique\"}]},{\"@type\":\"WebSite\",\"@id\":\"https:\/\/asesoresdenia.com\/fr\/#website\",\"url\":\"https:\/\/asesoresdenia.com\/fr\/\",\"name\":\"Coasde, S.L.\",\"description\":\"Consulting \u2022 Asesores \u2022 Denia\",\"publisher\":{\"@id\":\"https:\/\/asesoresdenia.com\/fr\/#organization\"},\"potentialAction\":[{\"@type\":\"SearchAction\",\"target\":{\"@type\":\"EntryPoint\",\"urlTemplate\":\"https:\/\/asesoresdenia.com\/fr\/?s={search_term_string}\"},\"query-input\":{\"@type\":\"PropertyValueSpecification\",\"valueRequired\":true,\"valueName\":\"search_term_string\"}}],\"inLanguage\":\"fr-FR\"},{\"@type\":\"Organization\",\"@id\":\"https:\/\/asesoresdenia.com\/fr\/#organization\",\"name\":\"Coasde, S.L.\",\"url\":\"https:\/\/asesoresdenia.com\/fr\/\",\"logo\":{\"@type\":\"ImageObject\",\"inLanguage\":\"fr-FR\",\"@id\":\"https:\/\/asesoresdenia.com\/fr\/#\/schema\/logo\/image\/\",\"url\":\"https:\/\/asesoresdenia.com\/wp-content\/uploads\/2022\/10\/Logo-96x19-1.png\",\"contentUrl\":\"https:\/\/asesoresdenia.com\/wp-content\/uploads\/2022\/10\/Logo-96x19-1.png\",\"width\":96,\"height\":19,\"caption\":\"Coasde, S.L.\"},\"image\":{\"@id\":\"https:\/\/asesoresdenia.com\/fr\/#\/schema\/logo\/image\/\"}}]}<\/script>\n<!-- \/ Yoast SEO plugin. -->","yoast_head_json":{"title":"Avis juridique - Coasde, S.L.","robots":{"index":"index","follow":"follow","max-snippet":"max-snippet:-1","max-image-preview":"max-image-preview:large","max-video-preview":"max-video-preview:-1"},"canonical":"https:\/\/asesoresdenia.com\/fr\/avis-juridique\/","og_locale":"fr_FR","og_type":"article","og_title":"Avis juridique - Coasde, S.L.","og_description":"Avis juridiqueAvis juridique CONSULTING ASESORES DENIA SLNUM\u00c9RO DE TVA : B03886413Adresse : CALLE LA MAR, 7 - 1 2 1Courriel : info@asesoresdenia.com Propri\u00e9t\u00e9 intellectuelle et industrielleTous les droits de propri\u00e9t\u00e9 intellectuelle et industrielle du site et de son contenu, y compris, mais sans s'y limiter, les textes, les images, les graphiques, les logos, les ic\u00f4nes, [&hellip;]","og_url":"https:\/\/asesoresdenia.com\/fr\/avis-juridique\/","og_site_name":"Coasde, S.L.","article_modified_time":"2024-04-12T09:17:09+00:00","twitter_card":"summary_large_image","twitter_misc":{"Dur\u00e9e de lecture estim\u00e9e":"2 minutes"},"schema":{"@context":"https:\/\/schema.org","@graph":[{"@type":"WebPage","@id":"https:\/\/asesoresdenia.com\/fr\/avis-juridique\/","url":"https:\/\/asesoresdenia.com\/fr\/avis-juridique\/","name":"Avis juridique - Coasde, S.L.","isPartOf":{"@id":"https:\/\/asesoresdenia.com\/fr\/#website"},"datePublished":"2024-04-02T09:26:33+00:00","dateModified":"2024-04-12T09:17:09+00:00","breadcrumb":{"@id":"https:\/\/asesoresdenia.com\/fr\/avis-juridique\/#breadcrumb"},"inLanguage":"fr-FR","potentialAction":[{"@type":"ReadAction","target":["https:\/\/asesoresdenia.com\/fr\/avis-juridique\/"]}]},{"@type":"BreadcrumbList","@id":"https:\/\/asesoresdenia.com\/fr\/avis-juridique\/#breadcrumb","itemListElement":[{"@type":"ListItem","position":1,"name":"Portada","item":"https:\/\/asesoresdenia.com\/fr\/"},{"@type":"ListItem","position":2,"name":"Avis juridique"}]},{"@type":"WebSite","@id":"https:\/\/asesoresdenia.com\/fr\/#website","url":"https:\/\/asesoresdenia.com\/fr\/","name":"Coasde, S.L.","description":"Consulting \u2022 Asesores \u2022 Denia","publisher":{"@id":"https:\/\/asesoresdenia.com\/fr\/#organization"},"potentialAction":[{"@type":"SearchAction","target":{"@type":"EntryPoint","urlTemplate":"https:\/\/asesoresdenia.com\/fr\/?s={search_term_string}"},"query-input":{"@type":"PropertyValueSpecification","valueRequired":true,"valueName":"search_term_string"}}],"inLanguage":"fr-FR"},{"@type":"Organization","@id":"https:\/\/asesoresdenia.com\/fr\/#organization","name":"Coasde, S.L.","url":"https:\/\/asesoresdenia.com\/fr\/","logo":{"@type":"ImageObject","inLanguage":"fr-FR","@id":"https:\/\/asesoresdenia.com\/fr\/#\/schema\/logo\/image\/","url":"https:\/\/asesoresdenia.com\/wp-content\/uploads\/2022\/10\/Logo-96x19-1.png","contentUrl":"https:\/\/asesoresdenia.com\/wp-content\/uploads\/2022\/10\/Logo-96x19-1.png","width":96,"height":19,"caption":"Coasde, S.L."},"image":{"@id":"https:\/\/asesoresdenia.com\/fr\/#\/schema\/logo\/image\/"}}]}},"_links":{"self":[{"href":"https:\/\/asesoresdenia.com\/fr\/wp-json\/wp\/v2\/pages\/1346"}],"collection":[{"href":"https:\/\/asesoresdenia.com\/fr\/wp-json\/wp\/v2\/pages"}],"about":[{"href":"https:\/\/asesoresdenia.com\/fr\/wp-json\/wp\/v2\/types\/page"}],"author":[{"embeddable":true,"href":"https:\/\/asesoresdenia.com\/fr\/wp-json\/wp\/v2\/users\/1"}],"replies":[{"embeddable":true,"href":"https:\/\/asesoresdenia.com\/fr\/wp-json\/wp\/v2\/comments?post=1346"}],"version-history":[{"count":3,"href":"https:\/\/asesoresdenia.com\/fr\/wp-json\/wp\/v2\/pages\/1346\/revisions"}],"predecessor-version":[{"id":1460,"href":"https:\/\/asesoresdenia.com\/fr\/wp-json\/wp\/v2\/pages\/1346\/revisions\/1460"}],"wp:attachment":[{"href":"https:\/\/asesoresdenia.com\/fr\/wp-json\/wp\/v2\/media?parent=1346"}],"curies":[{"name":"wp","href":"https:\/\/api.w.org\/{rel}","templated":true}]}}